{"id":7199,"date":"2020-08-03T18:18:57","date_gmt":"2020-08-04T00:18:57","guid":{"rendered":"http:\/\/leonjoven.gob.mx\/?page_id=7199"},"modified":"2020-08-04T19:36:46","modified_gmt":"2020-08-05T01:36:46","slug":"foro-juventudes","status":"publish","type":"page","link":"http:\/\/leonjoven.gob.mx\/?page_id=7199","title":{"rendered":"Foro Juventudes"},"content":{"rendered":"<p>[et_pb_section fb_built=&#8221;1&#8243; fullwidth=&#8221;on&#8221; _builder_version=&#8221;3.21&#8243;][et_pb_fullwidth_image src=&#8221;http:\/\/leonjoven.gob.mx\/wp-content\/uploads\/2020\/08\/portadda.jpg&#8221; _builder_version=&#8221;3.21&#8243;][\/et_pb_fullwidth_image][\/et_pb_section][et_pb_section fb_built=&#8221;1&#8243; _builder_version=&#8221;3.21&#8243;][et_pb_row _builder_version=&#8221;3.21&#8243;][et_pb_column type=&#8221;3_5&#8243; _builder_version=&#8221;3.21&#8243;][et_pb_text _builder_version=&#8221;3.21&#8243; text_font=&#8221;||||||||&#8221; text_text_color=&#8221;#000000&#8243; text_font_size=&#8221;1em&#8221; text_line_height=&#8221;1.6em&#8221; header_font=&#8221;||||||||&#8221; header_2_font=&#8221;|800|||||||&#8221; header_2_text_align=&#8221;left&#8221; header_2_text_color=&#8221;#000000&#8243; header_2_font_size=&#8221;4em&#8221; header_2_font_size_phone=&#8221;3em&#8221; header_2_font_size_last_edited=&#8221;on|phone&#8221; text_orientation=&#8221;justified&#8221;]<\/p>\n<h2>HABLEMOS DE NUEVAS REALIDADES<\/h2>\n<p>Este Foro es un evento donde se busca plantear nuevos horizontes y retos para el presente incierto que vivimos y escuchar a las juventudes de nuestro municipio<\/p>\n<p>El Foro Juventudes &#8220;Nuevas Realidades&#8221; es el evento virtual con mayor interacci\u00f3n y metodolog\u00eda de escucha activa del Mes de las Juventudes.<\/p>\n<p>El escenario actual nos exige ser parte de las nuevas propuestas y soluciones, por lo que creamos este foro virtual en el que queremos invitarte a participar como pieza clave para entablar di\u00e1logos con personas como t\u00fa.<\/p>\n<p>Porque ya nada es como antes, <strong>hablemos de ello.<\/strong><\/p>\n<p>Necesitamos plantear nuevos horizontes y retos para el presente incierto que vivimos.<\/p>\n<p>[\/et_pb_text][\/et_pb_column][et_pb_column type=&#8221;2_5&#8243; _builder_version=&#8221;3.21&#8243;][et_pb_image src=&#8221;http:\/\/leonjoven.gob.mx\/wp-content\/uploads\/2019\/11\/medicina3.gif&#8221; _builder_version=&#8221;3.21&#8243;][\/et_pb_image][\/et_pb_column][\/et_pb_row][et_pb_row custom_padding=&#8221;27px|0px|0|0px|false|false&#8221; _builder_version=&#8221;3.21&#8243; border_width_top=&#8221;11px&#8221; border_color_top=&#8221;#000000&#8243;][et_pb_column type=&#8221;1_4&#8243; _builder_version=&#8221;3.21&#8243;][et_pb_number_counter title=&#8221;Temas de discusi\u00f3n&#8221; number=&#8221;20&#8243; percent_sign=&#8221;off&#8221; _builder_version=&#8221;3.21&#8243; title_font=&#8221;||||||||&#8221; title_text_color=&#8221;#000000&#8243; number_font=&#8221;|800|||||||&#8221; number_text_color=&#8221;#e05c55&#8243;][\/et_pb_number_counter][et_pb_number_counter title=&#8221;Mesas de trabajo&#8221; number=&#8221;40&#8243; percent_sign=&#8221;off&#8221; _builder_version=&#8221;3.21&#8243; title_font=&#8221;||||||||&#8221; title_text_color=&#8221;#000000&#8243; number_font=&#8221;|800|||||||&#8221; number_text_color=&#8221;#ffae00&#8243;][\/et_pb_number_counter][et_pb_number_counter title=&#8221;Participantes&#8221; number=&#8221;500&#8243; percent_sign=&#8221;off&#8221; _builder_version=&#8221;3.21&#8243; title_font=&#8221;||||||||&#8221; title_text_color=&#8221;#000000&#8243; number_font=&#8221;|800|||||||&#8221; number_text_color=&#8221;#b1c100&#8243;][\/et_pb_number_counter][\/et_pb_column][et_pb_column type=&#8221;1_4&#8243; _builder_version=&#8221;3.21&#8243;][et_pb_number_counter title=&#8221;L\u00edderes&#8221; number=&#8221;40&#8243; percent_sign=&#8221;off&#8221; _builder_version=&#8221;3.21&#8243; title_font=&#8221;||||||||&#8221; title_text_color=&#8221;#000000&#8243; number_font=&#8221;|800|||||||&#8221; number_text_color=&#8221;#2a797a&#8221;][\/et_pb_number_counter][et_pb_number_counter title=&#8221;Voluntarios&#8221; number=&#8221;80&#8243; percent_sign=&#8221;off&#8221; _builder_version=&#8221;3.21&#8243; title_font=&#8221;||||||||&#8221; title_text_color=&#8221;#000000&#8243; number_font=&#8221;|800|||||||&#8221; number_text_color=&#8221;#ff8300&#8243;][\/et_pb_number_counter][et_pb_number_counter title=&#8221;Funcionarios p\u00fablicos&#8221; number=&#8221;40&#8243; percent_sign=&#8221;off&#8221; _builder_version=&#8221;3.21&#8243; title_font=&#8221;||||||||&#8221; title_text_color=&#8221;#000000&#8243; number_font=&#8221;|800|||||||&#8221; number_text_color=&#8221;#c4c4c4&#8243;][\/et_pb_number_counter][\/et_pb_column][et_pb_column type=&#8221;1_2&#8243; _builder_version=&#8221;3.21&#8243;][et_pb_text _builder_version=&#8221;3.21&#8243; text_font=&#8221;||||||||&#8221; text_text_color=&#8221;#000000&#8243; text_font_size=&#8221;1em&#8221; text_line_height=&#8221;1.6em&#8221; header_font=&#8221;||||||||&#8221; header_2_font=&#8221;|800|||||||&#8221; header_2_text_align=&#8221;left&#8221; header_2_text_color=&#8221;#000000&#8243; header_2_font_size=&#8221;4em&#8221; header_2_font_size_phone=&#8221;3em&#8221; header_2_font_size_last_edited=&#8221;on|phone&#8221; text_orientation=&#8221;justified&#8221;]<\/p>\n<p>En este foro tendr\u00e1s la oportunidad de dialogar sobre los nuevos horizontes de las juventudes en 20 temas de gran relevancia.<\/p>\n<p>El Foro ser\u00e1 un evento virtual con gran interacci\u00f3n, haciendo uso de la metodolog\u00eda de escucha activa; se llevar\u00e1 a cabo el d\u00eda 20 de agosto 2020 de las 17:00 h a las 19:00 h en la plataforma ZOOM.<\/p>\n<p>Haz tu registro en <a href=\"https:\/\/bit.ly\/nuevasrealidades\u00a0\">https:\/\/bit.ly\/nuevasrealidades\u00a0<\/a><\/p>\n<p>[\/et_pb_text][et_pb_image src=&#8221;http:\/\/leonjoven.gob.mx\/wp-content\/uploads\/2020\/08\/monito1-1.gif&#8221; _builder_version=&#8221;3.21&#8243;][\/et_pb_image][\/et_pb_column][\/et_pb_row][et_pb_row _builder_version=&#8221;3.21&#8243; border_width_top=&#8221;12px&#8221; border_color_top=&#8221;#000000&#8243;][et_pb_column type=&#8221;4_4&#8243; _builder_version=&#8221;3.21&#8243;][et_pb_text _builder_version=&#8221;3.21&#8243; text_font=&#8221;||||||||&#8221; text_text_color=&#8221;#000000&#8243; text_font_size=&#8221;1em&#8221; text_line_height=&#8221;1.6em&#8221; header_font=&#8221;||||||||&#8221; header_2_font=&#8221;|800|||||||&#8221; header_2_text_align=&#8221;center&#8221; header_2_text_color=&#8221;#000000&#8243; header_2_font_size=&#8221;2em&#8221; header_2_font_size_phone=&#8221;3em&#8221; header_2_font_size_last_edited=&#8221;on|phone&#8221; text_orientation=&#8221;center&#8221; custom_padding=&#8221;|4vw||4vw||true&#8221;]<\/p>\n<h2>Mesas de Trabajo:<\/h2>\n<p>[\/et_pb_text][\/et_pb_column][\/et_pb_row][et_pb_row _builder_version=&#8221;3.21&#8243;][et_pb_column type=&#8221;1_5&#8243; _builder_version=&#8221;3.21&#8243;][et_pb_blurb title=&#8221;Adultocentrismo&#8221; url=&#8221;http:\/\/leonjoven.gob.mx\/wp-content\/uploads\/2020\/08\/fichas.jpg&#8221; url_new_window=&#8221;on&#8221; image=&#8221;http:\/\/leonjoven.gob.mx\/wp-content\/uploads\/2020\/08\/icon_0012_Capa-1.jpg&#8221; image_max_width=&#8221;67%&#8221; _builder_version=&#8221;3.21&#8243; header_font=&#8221;||||||||&#8221; header_text_align=&#8221;center&#8221; header_text_color=&#8221;#000000&#8243; header_font_size=&#8221;1em&#8221; link_option_url=&#8221;http:\/\/leonjoven.gob.mx\/wp-content\/uploads\/2020\/08\/fichas.jpg&#8221; link_option_url_new_window=&#8221;on&#8221;][\/et_pb_blurb][\/et_pb_column][et_pb_column type=&#8221;1_5&#8243; _builder_version=&#8221;3.21&#8243;][et_pb_blurb title=&#8221;Bien com\u00fan&#8221; url=&#8221;http:\/\/leonjoven.gob.mx\/wp-content\/uploads\/2020\/08\/fichas2.jpg&#8221; url_new_window=&#8221;on&#8221; image=&#8221;http:\/\/leonjoven.gob.mx\/wp-content\/uploads\/2020\/08\/icon_0011_rings-909.jpg&#8221; image_max_width=&#8221;67%&#8221; _builder_version=&#8221;3.21&#8243; header_font=&#8221;||||||||&#8221; header_text_align=&#8221;center&#8221; header_text_color=&#8221;#000000&#8243; header_font_size=&#8221;1em&#8221; link_option_url=&#8221;http:\/\/leonjoven.gob.mx\/wp-content\/uploads\/2020\/08\/fichas2.jpg&#8221; link_option_url_new_window=&#8221;on&#8221;][\/et_pb_blurb][\/et_pb_column][et_pb_column type=&#8221;1_5&#8243; _builder_version=&#8221;3.21&#8243;][et_pb_blurb title=&#8221;Ciencia, tecnolog\u00eda e innovaci\u00f3n&#8221; url=&#8221;http:\/\/leonjoven.gob.mx\/wp-content\/uploads\/2020\/08\/fichas3.jpg&#8221; url_new_window=&#8221;on&#8221; image=&#8221;http:\/\/leonjoven.gob.mx\/wp-content\/uploads\/2020\/08\/icon_0000_atom-1298.jpg&#8221; image_max_width=&#8221;67%&#8221; _builder_version=&#8221;3.21&#8243; header_font=&#8221;||||||||&#8221; header_text_align=&#8221;center&#8221; header_text_color=&#8221;#000000&#8243; header_font_size=&#8221;1em&#8221; link_option_url=&#8221;http:\/\/leonjoven.gob.mx\/wp-content\/uploads\/2020\/08\/fichas3.jpg&#8221; link_option_url_new_window=&#8221;on&#8221;][\/et_pb_blurb][\/et_pb_column][et_pb_column type=&#8221;1_5&#8243; _builder_version=&#8221;3.21&#8243;][et_pb_blurb title=&#8221;Ciudadan\u00eda digital&#8221; url=&#8221;http:\/\/leonjoven.gob.mx\/wp-content\/uploads\/2020\/08\/fichas4.jpg&#8221; url_new_window=&#8221;on&#8221; image=&#8221;http:\/\/leonjoven.gob.mx\/wp-content\/uploads\/2020\/08\/icon_0012_Capa-1.jpg&#8221; image_max_width=&#8221;67%&#8221; _builder_version=&#8221;3.21&#8243; header_font=&#8221;||||||||&#8221; header_text_align=&#8221;center&#8221; header_text_color=&#8221;#000000&#8243; header_font_size=&#8221;1em&#8221; link_option_url=&#8221;http:\/\/leonjoven.gob.mx\/wp-content\/uploads\/2020\/08\/fichas4.jpg&#8221; link_option_url_new_window=&#8221;on&#8221;][\/et_pb_blurb][\/et_pb_column][et_pb_column type=&#8221;1_5&#8243; _builder_version=&#8221;3.21&#8243;][et_pb_blurb title=&#8221;Ciudades, urbanizaci\u00f3n y movilidad&#8221; url=&#8221;http:\/\/leonjoven.gob.mx\/wp-content\/uploads\/2020\/08\/fichas5.jpg&#8221; url_new_window=&#8221;on&#8221; image=&#8221;http:\/\/leonjoven.gob.mx\/wp-content\/uploads\/2020\/08\/icon_0007_train-608.jpg&#8221; image_max_width=&#8221;67%&#8221; _builder_version=&#8221;3.21&#8243; header_font=&#8221;||||||||&#8221; header_text_align=&#8221;center&#8221; header_text_color=&#8221;#000000&#8243; header_font_size=&#8221;1em&#8221; link_option_url=&#8221;http:\/\/leonjoven.gob.mx\/wp-content\/uploads\/2020\/08\/fichas5.jpg&#8221; link_option_url_new_window=&#8221;on&#8221;][\/et_pb_blurb][\/et_pb_column][\/et_pb_row][et_pb_row _builder_version=&#8221;3.21&#8243;][et_pb_column type=&#8221;1_5&#8243; _builder_version=&#8221;3.21&#8243;][et_pb_blurb title=&#8221;Desastres no prevenibles&#8221; url=&#8221;http:\/\/leonjoven.gob.mx\/wp-content\/uploads\/2020\/08\/fichas6.jpg&#8221; url_new_window=&#8221;on&#8221; image=&#8221;http:\/\/leonjoven.gob.mx\/wp-content\/uploads\/2020\/08\/icon_0009_lightning-1262.jpg&#8221; image_max_width=&#8221;67%&#8221; _builder_version=&#8221;3.21&#8243; header_font=&#8221;||||||||&#8221; header_text_align=&#8221;center&#8221; header_text_color=&#8221;#000000&#8243; header_font_size=&#8221;1em&#8221; link_option_url=&#8221;http:\/\/leonjoven.gob.mx\/wp-content\/uploads\/2020\/08\/fichas6.jpg&#8221; link_option_url_new_window=&#8221;on&#8221;][\/et_pb_blurb][\/et_pb_column][et_pb_column type=&#8221;1_5&#8243; _builder_version=&#8221;3.21&#8243;][et_pb_blurb title=&#8221;Din\u00e1micas familiares&#8221; url=&#8221;http:\/\/leonjoven.gob.mx\/wp-content\/uploads\/2020\/08\/fichas14.jpg&#8221; url_new_window=&#8221;on&#8221; image=&#8221;http:\/\/leonjoven.gob.mx\/wp-content\/uploads\/2020\/08\/icon_0011_rings-909.jpg&#8221; image_max_width=&#8221;67%&#8221; _builder_version=&#8221;3.21&#8243; header_font=&#8221;||||||||&#8221; header_text_align=&#8221;center&#8221; header_text_color=&#8221;#000000&#8243; header_font_size=&#8221;1em&#8221; link_option_url=&#8221;http:\/\/leonjoven.gob.mx\/wp-content\/uploads\/2020\/08\/fichas14.jpg&#8221; link_option_url_new_window=&#8221;on&#8221;][\/et_pb_blurb][\/et_pb_column][et_pb_column type=&#8221;1_5&#8243; _builder_version=&#8221;3.21&#8243;][et_pb_blurb title=&#8221;Diversidad e igualdad de g\u00e9nero&#8221; url=&#8221;http:\/\/leonjoven.gob.mx\/wp-content\/uploads\/2020\/08\/fichas7.jpg&#8221; url_new_window=&#8221;on&#8221; image=&#8221;http:\/\/leonjoven.gob.mx\/wp-content\/uploads\/2020\/08\/icon_0010_love-1489.jpg&#8221; image_max_width=&#8221;67%&#8221; _builder_version=&#8221;3.21&#8243; header_font=&#8221;||||||||&#8221; header_text_align=&#8221;center&#8221; header_text_color=&#8221;#000000&#8243; header_font_size=&#8221;1em&#8221; link_option_url=&#8221;http:\/\/leonjoven.gob.mx\/wp-content\/uploads\/2020\/08\/fichas7.jpg&#8221; link_option_url_new_window=&#8221;on&#8221;][\/et_pb_blurb][\/et_pb_column][et_pb_column type=&#8221;1_5&#8243; _builder_version=&#8221;3.21&#8243;][et_pb_blurb title=&#8221;Econom\u00edas diversas y empleo local&#8221; url=&#8221;http:\/\/leonjoven.gob.mx\/wp-content\/uploads\/2020\/08\/fichas8.jpg&#8221; url_new_window=&#8221;on&#8221; image=&#8221;http:\/\/leonjoven.gob.mx\/wp-content\/uploads\/2020\/08\/0002_shop_center-1139.jpg&#8221; image_max_width=&#8221;67%&#8221; _builder_version=&#8221;3.21&#8243; header_font=&#8221;||||||||&#8221; header_text_align=&#8221;center&#8221; header_text_color=&#8221;#000000&#8243; header_font_size=&#8221;1em&#8221; link_option_url=&#8221;http:\/\/leonjoven.gob.mx\/wp-content\/uploads\/2020\/08\/fichas8.jpg&#8221; link_option_url_new_window=&#8221;on&#8221;][\/et_pb_blurb][\/et_pb_column][et_pb_column type=&#8221;1_5&#8243; _builder_version=&#8221;3.21&#8243;][et_pb_blurb title=&#8221;Educaci\u00f3n y habilidades&#8221; url=&#8221;http:\/\/leonjoven.gob.mx\/wp-content\/uploads\/2020\/08\/fichas9.jpg&#8221; url_new_window=&#8221;on&#8221; image=&#8221;http:\/\/leonjoven.gob.mx\/wp-content\/uploads\/2020\/08\/0004_notebook_and_pen-1290.jpg&#8221; image_max_width=&#8221;67%&#8221; _builder_version=&#8221;3.21&#8243; header_font=&#8221;||||||||&#8221; header_text_align=&#8221;center&#8221; header_text_color=&#8221;#000000&#8243; header_font_size=&#8221;1em&#8221; link_option_url=&#8221;http:\/\/leonjoven.gob.mx\/wp-content\/uploads\/2020\/08\/fichas9.jpg&#8221; link_option_url_new_window=&#8221;on&#8221;][\/et_pb_blurb][\/et_pb_column][\/et_pb_row][et_pb_row _builder_version=&#8221;3.21&#8243;][et_pb_column type=&#8221;1_5&#8243; _builder_version=&#8221;3.21&#8243;][et_pb_blurb title=&#8221;El papel de la fe&#8221; url=&#8221;http:\/\/leonjoven.gob.mx\/wp-content\/uploads\/2020\/08\/fichas10.jpg&#8221; url_new_window=&#8221;on&#8221; image=&#8221;http:\/\/leonjoven.gob.mx\/wp-content\/uploads\/2020\/08\/0003_game_of_thrones-123.jpg&#8221; image_max_width=&#8221;67%&#8221; _builder_version=&#8221;3.21&#8243; header_font=&#8221;||||||||&#8221; header_text_align=&#8221;center&#8221; header_text_color=&#8221;#000000&#8243; header_font_size=&#8221;1em&#8221; link_option_url=&#8221;http:\/\/leonjoven.gob.mx\/wp-content\/uploads\/2020\/08\/fichas10.jpg&#8221; link_option_url_new_window=&#8221;on&#8221;][\/et_pb_blurb][\/et_pb_column][et_pb_column type=&#8221;1_5&#8243; _builder_version=&#8221;3.21&#8243;][et_pb_blurb title=&#8221;Finanzas personales, endeudamiento y consumo&#8221; url=&#8221;http:\/\/leonjoven.gob.mx\/wp-content\/uploads\/2020\/08\/fichas12.jpg&#8221; url_new_window=&#8221;on&#8221; image=&#8221;http:\/\/leonjoven.gob.mx\/wp-content\/uploads\/2020\/08\/icon_0003_activity-985.jpg&#8221; image_max_width=&#8221;67%&#8221; _builder_version=&#8221;3.21&#8243; header_font=&#8221;||||||||&#8221; header_text_align=&#8221;center&#8221; header_text_color=&#8221;#000000&#8243; header_font_size=&#8221;1em&#8221; link_option_url=&#8221;http:\/\/leonjoven.gob.mx\/wp-content\/uploads\/2020\/08\/fichas12.jpg&#8221; link_option_url_new_window=&#8221;on&#8221;][\/et_pb_blurb][\/et_pb_column][et_pb_column type=&#8221;1_5&#8243; _builder_version=&#8221;3.21&#8243;][et_pb_blurb title=&#8221;Entretenimiento, recreaci\u00f3n y turismo &#8221; url=&#8221;http:\/\/leonjoven.gob.mx\/wp-content\/uploads\/2020\/08\/fichas13.jpg&#8221; url_new_window=&#8221;on&#8221; image=&#8221;http:\/\/leonjoven.gob.mx\/wp-content\/uploads\/2020\/08\/icon_0001_airplane_mode-1406.jpg&#8221; image_max_width=&#8221;67%&#8221; _builder_version=&#8221;3.21&#8243; header_font=&#8221;||||||||&#8221; header_text_align=&#8221;center&#8221; header_text_color=&#8221;#000000&#8243; header_font_size=&#8221;1em&#8221; link_option_url=&#8221;http:\/\/leonjoven.gob.mx\/wp-content\/uploads\/2020\/08\/fichas13.jpg&#8221; link_option_url_new_window=&#8221;on&#8221;][\/et_pb_blurb][\/et_pb_column][et_pb_column type=&#8221;1_5&#8243; _builder_version=&#8221;3.21&#8243;][et_pb_blurb title=&#8221;Libertad de expresi\u00f3n &#8221; url=&#8221;http:\/\/leonjoven.gob.mx\/wp-content\/uploads\/2020\/08\/fichas15.jpg&#8221; url_new_window=&#8221;on&#8221; image=&#8221;http:\/\/leonjoven.gob.mx\/wp-content\/uploads\/2020\/08\/icon_0005_megaphone-774.jpg&#8221; image_max_width=&#8221;67%&#8221; _builder_version=&#8221;3.21&#8243; header_font=&#8221;||||||||&#8221; header_text_align=&#8221;center&#8221; header_text_color=&#8221;#000000&#8243; header_font_size=&#8221;1em&#8221; link_option_url=&#8221;http:\/\/leonjoven.gob.mx\/wp-content\/uploads\/2020\/08\/fichas15.jpg&#8221; link_option_url_new_window=&#8221;on&#8221;][\/et_pb_blurb][\/et_pb_column][et_pb_column type=&#8221;1_5&#8243; _builder_version=&#8221;3.21&#8243;][et_pb_blurb title=&#8221;Medio ambiente &#8221; url=&#8221;http:\/\/leonjoven.gob.mx\/wp-content\/uploads\/2020\/08\/fichas16.jpg&#8221; url_new_window=&#8221;on&#8221; image=&#8221;http:\/\/leonjoven.gob.mx\/wp-content\/uploads\/2020\/08\/icon_0008_leaf-73.jpg&#8221; image_max_width=&#8221;67%&#8221; _builder_version=&#8221;3.21&#8243; header_font=&#8221;||||||||&#8221; header_text_align=&#8221;center&#8221; header_text_color=&#8221;#000000&#8243; header_font_size=&#8221;1em&#8221; link_option_url=&#8221;http:\/\/leonjoven.gob.mx\/wp-content\/uploads\/2020\/08\/fichas16.jpg&#8221; link_option_url_new_window=&#8221;on&#8221;][\/et_pb_blurb][\/et_pb_column][\/et_pb_row][et_pb_row _builder_version=&#8221;3.21&#8243;][et_pb_column type=&#8221;1_5&#8243; _builder_version=&#8221;3.21&#8243;][et_pb_blurb title=&#8221;Migraci\u00f3n y oportunidades&#8221; url=&#8221;http:\/\/leonjoven.gob.mx\/wp-content\/uploads\/2020\/08\/fichas17.jpg&#8221; url_new_window=&#8221;on&#8221; image=&#8221;http:\/\/leonjoven.gob.mx\/wp-content\/uploads\/2020\/08\/icon_0004_current_location-589.jpg&#8221; image_max_width=&#8221;67%&#8221; _builder_version=&#8221;3.21&#8243; header_font=&#8221;||||||||&#8221; header_text_align=&#8221;center&#8221; header_text_color=&#8221;#000000&#8243; header_font_size=&#8221;1em&#8221; link_option_url=&#8221;http:\/\/leonjoven.gob.mx\/wp-content\/uploads\/2020\/08\/fichas17.jpg&#8221; link_option_url_new_window=&#8221;on&#8221;][\/et_pb_blurb][\/et_pb_column][et_pb_column type=&#8221;1_5&#8243; _builder_version=&#8221;3.21&#8243;][et_pb_blurb title=&#8221;Pol\u00edtica, gobernanza institucional&#8221; url=&#8221;http:\/\/leonjoven.gob.mx\/wp-content\/uploads\/2020\/08\/fichas18.jpg&#8221; url_new_window=&#8221;on&#8221; image=&#8221;http:\/\/leonjoven.gob.mx\/wp-content\/uploads\/2020\/08\/icon_0011_rings-909.jpg&#8221; image_max_width=&#8221;67%&#8221; _builder_version=&#8221;3.21&#8243; header_font=&#8221;||||||||&#8221; header_text_align=&#8221;center&#8221; header_text_color=&#8221;#000000&#8243; header_font_size=&#8221;1em&#8221; link_option_url=&#8221;http:\/\/leonjoven.gob.mx\/wp-content\/uploads\/2020\/08\/fichas18.jpg&#8221; link_option_url_new_window=&#8221;on&#8221;][\/et_pb_blurb][\/et_pb_column][et_pb_column type=&#8221;1_5&#8243; _builder_version=&#8221;3.21&#8243;][et_pb_blurb title=&#8221;Salud&#8221; url=&#8221;http:\/\/leonjoven.gob.mx\/wp-content\/uploads\/2020\/08\/fichas19.jpg&#8221; url_new_window=&#8221;on&#8221; image=&#8221;http:\/\/leonjoven.gob.mx\/wp-content\/uploads\/2020\/08\/0001_watch-1205.jpg&#8221; image_max_width=&#8221;67%&#8221; _builder_version=&#8221;3.21&#8243; header_font=&#8221;||||||||&#8221; header_text_align=&#8221;center&#8221; header_text_color=&#8221;#000000&#8243; header_font_size=&#8221;1em&#8221; link_option_url=&#8221;http:\/\/leonjoven.gob.mx\/wp-content\/uploads\/2020\/08\/fichas19.jpg&#8221; link_option_url_new_window=&#8221;on&#8221;][\/et_pb_blurb][\/et_pb_column][et_pb_column type=&#8221;1_5&#8243; _builder_version=&#8221;3.21&#8243;][et_pb_blurb title=&#8221;Seguridad, violencia y discriminaci\u00f3n&#8221; url=&#8221;http:\/\/leonjoven.gob.mx\/wp-content\/uploads\/2020\/08\/fichas20.jpg&#8221; url_new_window=&#8221;on&#8221; image=&#8221;http:\/\/leonjoven.gob.mx\/wp-content\/uploads\/2020\/08\/icon_0012_Capa-1.jpg&#8221; image_max_width=&#8221;67%&#8221; _builder_version=&#8221;3.21&#8243; header_font=&#8221;||||||||&#8221; header_text_align=&#8221;center&#8221; header_text_color=&#8221;#000000&#8243; header_font_size=&#8221;1em&#8221; link_option_url=&#8221;http:\/\/leonjoven.gob.mx\/wp-content\/uploads\/2020\/08\/fichas20.jpg&#8221; link_option_url_new_window=&#8221;on&#8221;][\/et_pb_blurb][\/et_pb_column][et_pb_column type=&#8221;1_5&#8243; _builder_version=&#8221;3.21&#8243;][et_pb_blurb title=&#8221;Trabajo&#8221; url=&#8221;http:\/\/leonjoven.gob.mx\/wp-content\/uploads\/2020\/08\/fichas11.jpg&#8221; url_new_window=&#8221;on&#8221; image=&#8221;http:\/\/leonjoven.gob.mx\/wp-content\/uploads\/2020\/08\/0000_settings-1491.jpg&#8221; image_max_width=&#8221;67%&#8221; _builder_version=&#8221;3.21&#8243; header_font=&#8221;||||||||&#8221; header_text_align=&#8221;center&#8221; header_text_color=&#8221;#000000&#8243; header_font_size=&#8221;1em&#8221; link_option_url=&#8221;http:\/\/leonjoven.gob.mx\/wp-content\/uploads\/2020\/08\/fichas11.jpg&#8221; link_option_url_new_window=&#8221;on&#8221;][\/et_pb_blurb][\/et_pb_column][\/et_pb_row][\/et_pb_section][et_pb_section fb_built=&#8221;1&#8243; _builder_version=&#8221;3.21&#8243; custom_padding=&#8221;10px|0px|22px|0px|false|false&#8221;][et_pb_row _builder_version=&#8221;3.21&#8243;][et_pb_column type=&#8221;4_4&#8243; _builder_version=&#8221;3.21&#8243;][et_pb_text _builder_version=&#8221;3.21&#8243; text_font=&#8221;||||||||&#8221; text_text_color=&#8221;#000000&#8243; text_font_size=&#8221;1em&#8221; text_line_height=&#8221;1.6em&#8221; header_font=&#8221;||||||||&#8221; header_2_font=&#8221;|800|||||||&#8221; header_2_text_align=&#8221;left&#8221; header_2_text_color=&#8221;#000000&#8243; header_2_font_size=&#8221;4em&#8221; header_2_font_size_phone=&#8221;3em&#8221; header_2_font_size_last_edited=&#8221;on|phone&#8221; text_orientation=&#8221;center&#8221; custom_padding=&#8221;|4vw||4vw||true&#8221;]<\/p>\n<p>Con tu registro recibir\u00e1s el seguimiento y confirmaci\u00f3n de tu participaci\u00f3n el cualquiera de las mesas seleccionadas al correo con el que te registraste.<\/p>\n<p>En caso de que las mesas que elegiste se encuentren llenas, te agregaremos a otra que seguro ser\u00e1 de tu inter\u00e9s<\/p>\n<p>[\/et_pb_text][\/et_pb_column][\/et_pb_row][\/et_pb_section]<\/p>\n","protected":false},"excerpt":{"rendered":"<p>[et_pb_section fb_built=&#8221;1&#8243; fullwidth=&#8221;on&#8221; _builder_version=&#8221;3.21&#8243;][et_pb_fullwidth_image src=&#8221;http:\/\/leonjoven.gob.mx\/wp-content\/uploads\/2020\/08\/portadda.jpg&#8221; _builder_version=&#8221;3.21&#8243;][\/et_pb_fullwidth_image][\/et_pb_section][et_pb_section fb_built=&#8221;1&#8243; _builder_version=&#8221;3.21&#8243;][et_pb_row _builder_version=&#8221;3.21&#8243;][et_pb_column type=&#8221;3_5&#8243; _builder_version=&#8221;3.21&#8243;][et_pb_text _builder_version=&#8221;3.21&#8243; text_font=&#8221;||||||||&#8221; text_text_color=&#8221;#000000&#8243; text_font_size=&#8221;1em&#8221; text_line_height=&#8221;1.6em&#8221; header_font=&#8221;||||||||&#8221; header_2_font=&#8221;|800|||||||&#8221; header_2_text_align=&#8221;left&#8221; header_2_text_color=&#8221;#000000&#8243; header_2_font_size=&#8221;4em&#8221; header_2_font_size_phone=&#8221;3em&#8221; header_2_font_size_last_edited=&#8221;on|phone&#8221; text_orientation=&#8221;justified&#8221;] HABLEMOS DE NUEVAS REALIDADES Este Foro es un evento donde se busca plantear nuevos horizontes y retos para el presente incierto que vivimos y escuchar a las juventudes de nuestro municipio [&hellip;]<\/p>\n","protected":false},"author":1,"featured_media":0,"parent":0,"menu_order":0,"comment_status":"closed","ping_status":"closed","template":"","meta":{"_et_pb_use_builder":"on","_et_pb_old_content":"","_et_gb_content_width":""},"_links":{"self":[{"href":"http:\/\/leonjoven.gob.mx\/index.php?rest_route=\/wp\/v2\/pages\/7199"}],"collection":[{"href":"http:\/\/leonjoven.gob.mx\/index.php?rest_route=\/wp\/v2\/pages"}],"about":[{"href":"http:\/\/leonjoven.gob.mx\/index.php?rest_route=\/wp\/v2\/types\/page"}],"author":[{"embeddable":true,"href":"http:\/\/leonjoven.gob.mx\/index.php?rest_route=\/wp\/v2\/users\/1"}],"replies":[{"embeddable":true,"href":"http:\/\/leonjoven.gob.mx\/index.php?rest_route=%2Fwp%2Fv2%2Fcomments&post=7199"}],"version-history":[{"count":13,"href":"http:\/\/leonjoven.gob.mx\/index.php?rest_route=\/wp\/v2\/pages\/7199\/revisions"}],"predecessor-version":[{"id":7271,"href":"http:\/\/leonjoven.gob.mx\/index.php?rest_route=\/wp\/v2\/pages\/7199\/revisions\/7271"}],"wp:attachment":[{"href":"http:\/\/leonjoven.gob.mx\/index.php?rest_route=%2Fwp%2Fv2%2Fmedia&parent=7199"}],"curies":[{"name":"wp","href":"https:\/\/api.w.org\/{rel}","templated":true}]}}