{"id":6823,"date":"2020-07-27T20:26:08","date_gmt":"2020-07-28T02:26:08","guid":{"rendered":"http:\/\/leonjoven.gob.mx\/?page_id=6823"},"modified":"2026-03-18T12:55:44","modified_gmt":"2026-03-18T18:55:44","slug":"home-2020","status":"publish","type":"page","link":"http:\/\/leonjoven.gob.mx\/","title":{"rendered":"home 2020"},"content":{"rendered":"<p>[et_pb_section fb_built=&#8221;1&#8243; module_id=&#8221;espacios&#8221; _builder_version=&#8221;4.7.7&#8243; _module_preset=&#8221;default&#8221; background_color_gradient_direction=&#8221;90deg&#8221; background_enable_image=&#8221;off&#8221; min_height=&#8221;409px&#8221; custom_margin=&#8221;-21px||-155px||false|false&#8221; custom_padding=&#8221;0px||0px||false|false&#8221;][\/et_pb_section][et_pb_section fb_built=&#8221;1&#8243; module_id=&#8221;espacios&#8221; _builder_version=&#8221;4.7.7&#8243; _module_preset=&#8221;default&#8221; background_color_gradient_direction=&#8221;90deg&#8221; background_enable_image=&#8221;off&#8221; min_height=&#8221;100px&#8221; custom_margin=&#8221;2px||-260px||false|false&#8221; custom_padding=&#8221;3px||0px||false|false&#8221;][\/et_pb_section][et_pb_section fb_built=&#8221;1&#8243; module_id=&#8221;espacios&#8221; _builder_version=&#8221;4.7.7&#8243; _module_preset=&#8221;default&#8221; background_color_gradient_direction=&#8221;90deg&#8221; background_enable_image=&#8221;off&#8221; min_height=&#8221;684.4px&#8221; custom_margin=&#8221;2px||-260px||false|false&#8221; custom_padding=&#8221;3px||0px||false|false&#8221;][et_pb_row _builder_version=&#8221;4.7.7&#8243; _module_preset=&#8221;default&#8221; width=&#8221;100%&#8221; max_width=&#8221;2560px&#8221; min_height=&#8221;94px&#8221; custom_margin=&#8221;2px|auto||auto|false|false&#8221; custom_padding=&#8221;0px||0px||false|false&#8221;][et_pb_column type=&#8221;4_4&#8243; _builder_version=&#8221;4.7.7&#8243; _module_preset=&#8221;default&#8221;][et_pb_image src=&#8221;http:\/\/leonjoven.gob.mx\/wp-content\/uploads\/2025\/11\/PORTADA-WEB-3-1-scaled.jpg&#8221; title_text=&#8221;PORTADA WEB (3)&#8221; url=&#8221;http:\/\/leonjoven.gob.mx\/?p=20070&#8243; url_new_window=&#8221;on&#8221; _builder_version=&#8221;4.7.7&#8243; _module_preset=&#8221;default&#8221;][\/et_pb_image][et_pb_gallery gallery_ids=&#8221;19722,18534&#8243; fullwidth=&#8221;on&#8221; _builder_version=&#8221;4.7.7&#8243; _module_preset=&#8221;default&#8221; width=&#8221;100%&#8221; max_width=&#8221;100%&#8221; module_alignment=&#8221;center&#8221; min_height=&#8221;67.7px&#8221; custom_margin=&#8221;22px|||183px||&#8221; custom_padding=&#8221;||0px|0px||&#8221; animation_style=&#8221;slide&#8221; animation_direction=&#8221;right&#8221; animation_duration=&#8221;0ms&#8221; animation_starting_opacity=&#8221;32%&#8221; animation_repeat=&#8221;loop&#8221; auto=&#8221;on&#8221; link_option_url=&#8221;http:\/\/leonjoven.gob.mx\/wp-content\/uploads\/2025\/02\/IMJU-PLANDETRABAJO-2025-2028.pdf&#8221;][\/et_pb_gallery][\/et_pb_column][\/et_pb_row][\/et_pb_section][et_pb_section fb_built=&#8221;1&#8243; next_background_color=&#8221;#ffffff&#8221; disabled_on=&#8221;off|off|off&#8221; _builder_version=&#8221;4.7.7&#8243; background_color=&#8221;#ededed&#8221; parallax=&#8221;on&#8221; min_height=&#8221;99.9px&#8221; custom_padding=&#8221;0px||0px|||&#8221; bottom_divider_style=&#8221;mountains2&#8243; bottom_divider_arrangement=&#8221;above_content&#8221;][et_pb_row use_custom_gutter=&#8221;on&#8221; gutter_width=&#8221;1&#8243; disabled_on=&#8221;off|off|off&#8221; _builder_version=&#8221;4.7.7&#8243; max_width=&#8221;80%&#8221; min_height=&#8221;387.1px&#8221; custom_padding=&#8221;||0px|||&#8221; use_custom_width=&#8221;on&#8221; width_unit=&#8221;off&#8221;][et_pb_column type=&#8221;4_4&#8243; _builder_version=&#8221;3.25&#8243; custom_padding=&#8221;|||&#8221; custom_padding__hover=&#8221;|||&#8221;][et_pb_text disabled_on=&#8221;off|off|off&#8221; _builder_version=&#8221;4.7.7&#8243; header_font=&#8221;||||||||&#8221; header_2_font=&#8221;|800|||||||&#8221; header_2_text_color=&#8221;#ff1c95&#8243; header_2_font_size=&#8221;5.5em&#8221; width=&#8221;100%&#8221; max_width=&#8221;100%&#8221; header_2_font_size_tablet=&#8221;4em&#8221; header_2_font_size_phone=&#8221;2.5em&#8221; header_2_font_size_last_edited=&#8221;on|phone&#8221;]<\/p>\n<h2 style=\"text-align: center;\">Convocatorias<\/h2>\n<p>[\/et_pb_text][et_pb_post_slider include_categories=&#8221;48&#8243; more_text=&#8221;Ver convocatoria&#8221; show_meta=&#8221;off&#8221; use_bg_overlay=&#8221;off&#8221; use_text_overlay=&#8221;on&#8221; text_overlay_color=&#8221;rgba(239,239,239,0.81)&#8221; arrows_custom_color=&#8221;#000000&#8243; dot_nav_custom_color=&#8221;#000000&#8243; disabled_on=&#8221;off|off|off&#8221; _builder_version=&#8221;4.7.7&#8243; header_font=&#8221;Poppins|900|||||||&#8221; header_text_align=&#8221;left&#8221; header_text_color=&#8221;#000000&#8243; header_font_size=&#8221;43px&#8221; body_font=&#8221;||||||||&#8221; body_text_align=&#8221;left&#8221; body_text_color=&#8221;#000000&#8243; body_font_size=&#8221;1.1em&#8221; body_line_height=&#8221;1.8em&#8221; meta_font=&#8221;||||||||&#8221; meta_text_color=&#8221;#8ec100&#8243; background_color=&#8221;rgba(0,131,232,0)&#8221; custom_button=&#8221;on&#8221; button_text_size=&#8221;18px&#8221; button_text_color=&#8221;#d2ff01&#8243; button_bg_color=&#8221;#222222&#8243; button_border_radius=&#8221;0px&#8221; button_font=&#8221;||||||||&#8221; text_orientation=&#8221;left&#8221; module_alignment=&#8221;center&#8221; min_height=&#8221;443.7px&#8221; custom_padding=&#8221;14px||4vw|||&#8221; custom_padding_tablet=&#8221;&#8221; custom_padding_phone=&#8221;0px||7vw||false|false&#8221; custom_padding_last_edited=&#8221;on|phone&#8221; header_text_align_tablet=&#8221;&#8221; header_text_align_phone=&#8221;center&#8221; header_text_align_last_edited=&#8221;on|phone&#8221; header_font_size_tablet=&#8221;3em&#8221; header_font_size_phone=&#8221;1.5em&#8221; header_font_size_last_edited=&#8221;on|desktop&#8221; body_text_align_tablet=&#8221;&#8221; body_text_align_phone=&#8221;center&#8221; body_text_align_last_edited=&#8221;on|phone&#8221; body_font_size_tablet=&#8221;&#8221; body_font_size_phone=&#8221;0.9em&#8221; body_font_size_last_edited=&#8221;on|phone&#8221; button_alignment_tablet=&#8221;&#8221; button_alignment_phone=&#8221;center&#8221; button_alignment_last_edited=&#8221;on|phone&#8221; meta_text_shadow_style=&#8221;preset1&#8243; meta_text_shadow_color=&#8221;rgba(0,0,0,0)&#8221; border_color_all=&#8221;rgba(0,0,0,0)&#8221; box_shadow_style_button=&#8221;preset4&#8243; text_shadow_style=&#8221;preset1&#8243; text_shadow_color=&#8221;rgba(0,0,0,0)&#8221; button_bg_color__hover_enabled=&#8221;on&#8221; button_bg_color__hover=&#8221;#d2ff01&#8243; button_text_color__hover_enabled=&#8221;on&#8221; button_text_color__hover=&#8221;#222222&#8243;][\/et_pb_post_slider][\/et_pb_column][\/et_pb_row][et_pb_row _builder_version=&#8221;4.7.7&#8243; _module_preset=&#8221;default&#8221; width=&#8221;100%&#8221; max_width=&#8221;2560px&#8221; min_height=&#8221;417px&#8221; custom_margin=&#8221;47px|auto||auto||&#8221; custom_padding=&#8221;128px||0px|||&#8221;][et_pb_column type=&#8221;4_4&#8243; _builder_version=&#8221;4.7.7&#8243; _module_preset=&#8221;default&#8221;][et_pb_image src=&#8221;http:\/\/leonjoven.gob.mx\/wp-content\/uploads\/2026\/03\/Atencion-nutricional-scaled.jpeg&#8221; title_text=&#8221;Atencion nutricional&#8221; _builder_version=&#8221;4.7.7&#8243; _module_preset=&#8221;default&#8221; hover_enabled=&#8221;0&#8243; url=&#8221;https:\/\/docs.google.com\/forms\/d\/e\/1FAIpQLSeF1hV796gQYAMNuuM5qjOXiQhkWJjAmQPdBHHIbvgfvzHibA\/viewform&#8221; url_new_window=&#8221;on&#8221; sticky_enabled=&#8221;0&#8243;][\/et_pb_image][et_pb_image src=&#8221;http:\/\/leonjoven.gob.mx\/wp-content\/uploads\/2024\/10\/BuzonQuejas-scaled.jpg&#8221; title_text=&#8221;BuzonQuejas&#8221; url=&#8221;https:\/\/forms.gle\/JYV7WGPqED7S2UHT9&#8243; url_new_window=&#8221;on&#8221; _builder_version=&#8221;4.7.7&#8243; _module_preset=&#8221;default&#8221;][\/et_pb_image][\/et_pb_column][\/et_pb_row][\/et_pb_section][et_pb_section fb_built=&#8221;1&#8243; module_id=&#8221;espacios&#8221; _builder_version=&#8221;4.7.7&#8243; _module_preset=&#8221;default&#8221; background_color_gradient_direction=&#8221;90deg&#8221; background_image=&#8221;http:\/\/leonjoven.gob.mx\/wp-content\/uploads\/2023\/04\/fondo-web-1-scaled.jpg&#8221; min_height=&#8221;1588.3px&#8221; custom_margin=&#8221;2px|||||&#8221;][et_pb_row use_custom_gutter=&#8221;on&#8221; gutter_width=&#8221;2&#8243; _builder_version=&#8221;4.7.7&#8243; _module_preset=&#8221;default&#8221; max_width=&#8221;80%&#8221; custom_margin=&#8221;26px|auto||auto||&#8221;][et_pb_column type=&#8221;4_4&#8243; _builder_version=&#8221;4.7.7&#8243; _module_preset=&#8221;default&#8221;][et_pb_text _builder_version=&#8221;4.7.7&#8243; text_font=&#8221;Poppins||||||||&#8221; text_text_color=&#8221;#000000&#8243; text_font_size=&#8221;1.2em&#8221; text_line_height=&#8221;1.8em&#8221; header_font=&#8221;||||||||&#8221; header_line_height=&#8221;1.3em&#8221; header_2_font=&#8221;Poppins|900|||||||&#8221; header_2_text_color=&#8221;#ff1c95&#8243; header_2_font_size=&#8221;5.5em&#8221; header_2_line_height=&#8221;1.1em&#8221; header_2_font_size_tablet=&#8221;4em&#8221; header_2_font_size_phone=&#8221;2.5em&#8221; header_2_font_size_last_edited=&#8221;on|phone&#8221;]<\/p>\n<h2 style=\"text-align: center;\"><span style=\"color: #ffffff;\">Prestamo de espacios<\/span><\/h2>\n<p style=\"text-align: center;\"><span style=\"color: #ffffff;\"><\/span><\/p>\n<p style=\"text-align: center;\"><span style=\"color: #ffffff;\"><\/span><\/p>\n<p style=\"text-align: center;\"><span style=\"color: #ffffff;\">En el IMJU Le\u00f3n tenemos dos sedes de atenci\u00f3n donde podr\u00e1s disfrutar de diversos espacios, \u00a1todo sin costo!<\/span><\/p>\n<p style=\"text-align: center;\"><span style=\"color: #ffffff;\"><\/span><\/p>\n<p>[\/et_pb_text][\/et_pb_column][\/et_pb_row][et_pb_row column_structure=&#8221;1_2,1_2&#8243; use_custom_gutter=&#8221;on&#8221; gutter_width=&#8221;2&#8243; _builder_version=&#8221;4.7.7&#8243; _module_preset=&#8221;default&#8221; max_width=&#8221;80%&#8221; custom_margin=&#8221;26px|auto||auto||&#8221;][et_pb_column type=&#8221;1_2&#8243; _builder_version=&#8221;4.7.7&#8243; _module_preset=&#8221;default&#8221;][et_pb_text _builder_version=&#8221;4.7.7&#8243; text_font=&#8221;Poppins||||||||&#8221; text_text_color=&#8221;#000000&#8243; text_font_size=&#8221;1.2em&#8221; text_line_height=&#8221;1.9em&#8221; header_font=&#8221;||||||||&#8221; header_line_height=&#8221;1.3em&#8221; header_2_font=&#8221;Poppins|900|||||||&#8221; header_2_text_color=&#8221;#242424&#8243; header_2_font_size=&#8221;3.3em&#8221; header_2_line_height=&#8221;1.1em&#8221; background_image=&#8221;http:\/\/leonjoven.gob.mx\/wp-content\/uploads\/2023\/04\/fondos-pequenos.jpg&#8221; width=&#8221;100%&#8221; max_width=&#8221;100%&#8221; min_height=&#8221;525px&#8221; height=&#8221;528px&#8221; max_height=&#8221;1000px&#8221; header_2_font_size_tablet=&#8221;4em&#8221; header_2_font_size_phone=&#8221;2.5em&#8221; header_2_font_size_last_edited=&#8221;on|phone&#8221; text_text_shadow_style=&#8221;preset3&#8243; header_2_text_shadow_style=&#8221;preset3&#8243;]<\/p>\n<div style=\"text-align: center;\"><img src=\"http:\/\/leonjoven.gob.mx\/wp-content\/uploads\/2024\/12\/casadeladolescente.png\" style=\"max-width:500px; width:100%; height:auto;\"><\/div>\n<div>\n<p style=\"text-align: center;\">Sala de c\u00f3mputo<\/p>\n<p style=\"text-align: center;\">Makerspace- Impresi\u00f3n 3D<\/p>\n<p style=\"text-align: center;\">Makerspace- Corte L\u00e1ser<\/p>\n<p style=\"text-align: center;\">Talleres de prevenci\u00f3n de riesgos biopsicosociales<\/p>\n<\/div>\n<p>[\/et_pb_text][et_pb_button button_url=&#8221;https:\/\/forms.gle\/GitwhEgfeUnF1B9v7&#8243; url_new_window=&#8221;on&#8221; button_text=&#8221;Solicitar servicio&#8221; button_alignment=&#8221;left&#8221; button_alignment_tablet=&#8221;&#8221; button_alignment_phone=&#8221;center&#8221; button_alignment_last_edited=&#8221;on|phone&#8221; _builder_version=&#8221;4.7.7&#8243; _module_preset=&#8221;default&#8221; button_text_size_tablet=&#8221;&#8221; button_text_size_phone=&#8221;14px&#8221; button_text_size_last_edited=&#8221;on|phone&#8221;][\/et_pb_button][et_pb_divider divider_style=&#8221;none&#8221; _builder_version=&#8221;4.7.7&#8243; _module_preset=&#8221;default&#8221; background_color=&#8221;#000000&#8243; height=&#8221;0.5px&#8221; animation_style=&#8221;zoom&#8221;][\/et_pb_divider][\/et_pb_column][et_pb_column type=&#8221;1_2&#8243; _builder_version=&#8221;4.7.7&#8243; _module_preset=&#8221;default&#8221;][et_pb_text _builder_version=&#8221;4.7.7&#8243; text_font=&#8221;Poppins||||||||&#8221; text_text_color=&#8221;#000000&#8243; text_font_size=&#8221;1.2em&#8221; text_line_height=&#8221;1.9em&#8221; header_font=&#8221;||||||||&#8221; header_line_height=&#8221;1.3em&#8221; header_2_font=&#8221;Poppins|900|||||||&#8221; header_2_text_color=&#8221;#242424&#8243; header_2_font_size=&#8221;3.3em&#8221; header_2_line_height=&#8221;1.1em&#8221; background_image=&#8221;http:\/\/leonjoven.gob.mx\/wp-content\/uploads\/2023\/04\/fondos-pequenos.jpg&#8221; header_2_font_size_tablet=&#8221;4em&#8221; header_2_font_size_phone=&#8221;2.5em&#8221; header_2_font_size_last_edited=&#8221;on|phone&#8221; text_text_shadow_style=&#8221;preset3&#8243; header_2_text_shadow_style=&#8221;preset3&#8243;]<\/p>\n<div style=\"text-align: center;\"><img src=\"http:\/\/leonjoven.gob.mx\/wp-content\/uploads\/2024\/12\/casadelajuventud.png\" style=\"max-width:500px; width:100%; height:auto;\"><\/div>\n<div>\n<p style=\"text-align: center;\">Coworking Azul (Sala de juntas para 10 personas)<\/p>\n<p style=\"text-align: center;\">Auditorio (M\u00e1ximo para 40 personas)<\/p>\n<p style=\"text-align: center;\">Patio para actividades m\u00faltiples<\/p>\n<p style=\"text-align: center;\">Makerspace PH- Fotograf\u00eda\u00a0 de producto<\/p>\n<p style=\"text-align: center;\">Makerspace PH- Cabina\u00a0 de grabaci\u00f3n<\/p>\n<p style=\"text-align: center;\">Makerspace PH- Cabina de audio<\/p>\n<p style=\"text-align: center;\">Makerspace PH- Estudio fotogr\u00e1fico<\/p>\n<p style=\"text-align: center;\">Talleres de prevenci\u00f3n de riesgos biopsicosociales<\/p>\n<\/div>\n<p>[\/et_pb_text][et_pb_button button_url=&#8221;https:\/\/forms.gle\/VUhKKcqFopzm3iZ3A&#8221; url_new_window=&#8221;on&#8221; button_text=&#8221;Solicitar servicio&#8221; button_alignment=&#8221;left&#8221; button_alignment_tablet=&#8221;&#8221; button_alignment_phone=&#8221;center&#8221; button_alignment_last_edited=&#8221;on|phone&#8221; _builder_version=&#8221;4.7.7&#8243; _module_preset=&#8221;default&#8221; button_text_size_tablet=&#8221;&#8221; button_text_size_phone=&#8221;14px&#8221; button_text_size_last_edited=&#8221;on|phone&#8221;][\/et_pb_button][et_pb_divider divider_style=&#8221;none&#8221; _builder_version=&#8221;4.7.7&#8243; _module_preset=&#8221;default&#8221; background_color=&#8221;#000000&#8243; height=&#8221;0.5px&#8221; animation_style=&#8221;zoom&#8221;][\/et_pb_divider][\/et_pb_column][\/et_pb_row][\/et_pb_section][et_pb_section fb_built=&#8221;1&#8243; prev_background_color=&#8221;#ffffff&#8221; _builder_version=&#8221;4.7.7&#8243; background_image=&#8221;http:\/\/leonjoven.gob.mx\/wp-content\/uploads\/2020\/10\/F_Mesa-de-trabajo-2.jpg&#8221; top_divider_style=&#8221;curve&#8221; top_divider_flip=&#8221;vertical&#8221; bottom_divider_style=&#8221;mountains2&#8243; bottom_divider_color=&#8221;#000000&#8243;][et_pb_row _builder_version=&#8221;3.25&#8243; custom_padding=&#8221;108px|0px|27px|0px|false|false&#8221;][et_pb_column type=&#8221;4_4&#8243; _builder_version=&#8221;3.25&#8243; custom_padding=&#8221;|||&#8221; custom_padding__hover=&#8221;|||&#8221;][et_pb_text _builder_version=&#8221;4.7.7&#8243; text_font=&#8221;|300|||||||&#8221; text_text_color=&#8221;#ffffff&#8221; text_font_size=&#8221;1.3em&#8221; text_line_height=&#8221;1.6em&#8221; header_font=&#8221;Comfortaa|700|||||||&#8221; header_text_color=&#8221;#ffffff&#8221; header_font_size=&#8221;1.7em&#8221; header_line_height=&#8221;1.1em&#8221; text_orientation=&#8221;center&#8221; background_layout=&#8221;dark&#8221;]<\/p>\n<h1>Nuestro Momento de crear nuevas realidades para las juventudes<\/h1>\n<p><strong><\/strong><\/p>\n<p><strong>Este es un apartado creado por las juventudes de Le\u00f3n, Guanajuato.<\/strong><\/p>\n<p>[\/et_pb_text][\/et_pb_column][\/et_pb_row][et_pb_row _builder_version=&#8221;3.25&#8243; custom_padding=&#8221;||48px|||&#8221;][et_pb_column type=&#8221;4_4&#8243; _builder_version=&#8221;3.25&#8243; custom_padding=&#8221;|||&#8221; custom_padding__hover=&#8221;|||&#8221;][et_pb_blog fullwidth=&#8221;off&#8221; posts_number=&#8221;3&#8243; include_categories=&#8221;1&#8243; show_more=&#8221;on&#8221; show_author=&#8221;off&#8221; show_categories=&#8221;off&#8221; show_pagination=&#8221;off&#8221; use_overlay=&#8221;on&#8221; overlay_icon_color=&#8221;#8300e9&#8243; hover_overlay_color=&#8221;rgba(237,240,0,0.71)&#8221; hover_icon=&#8221;%%47%%&#8221; disabled_on=&#8221;on|on|off&#8221; _builder_version=&#8221;4.7.7&#8243; header_font=&#8221;Comfortaa|700|||||||&#8221; header_text_align=&#8221;center&#8221; header_text_color=&#8221;#000000&#8243; header_font_size=&#8221;19px&#8221; header_line_height=&#8221;1.1em&#8221; animation_style=&#8221;bounce&#8221; animation_direction=&#8221;top&#8221; border_radii=&#8221;|42px|42px||&#8221; border_width_all=&#8221;0px&#8221; border_color_all=&#8221;rgba(0,0,0,0)&#8221; border_style_all=&#8221;dashed&#8221; box_shadow_style=&#8221;preset2&#8243;][\/et_pb_blog][et_pb_post_slider include_categories=&#8221;1&#8243; show_meta=&#8221;off&#8221; bg_overlay_color=&#8221;rgba(224,153,0,0.59)&#8221; show_image_video_mobile=&#8221;on&#8221; disabled_on=&#8221;off|off|on&#8221; _builder_version=&#8221;4.7.7&#8243; _module_preset=&#8221;default&#8221;][\/et_pb_post_slider][et_pb_button button_url=&#8221;http:\/\/leonjoven.gob.mx\/?page_id=7449&#8243; button_text=&#8221;comienza a colaborar&#8221; button_alignment=&#8221;center&#8221; _builder_version=&#8221;4.7.7&#8243; button_text_size=&#8221;17px&#8221; button_text_color=&#8221;#5b398c&#8221; button_bg_color=&#8221;#ffd000&#8243; button_border_radius=&#8221;12px&#8221; button_font=&#8221;Comfortaa|700|||||||&#8221;][\/et_pb_button][\/et_pb_column][\/et_pb_row][\/et_pb_section]<\/p>\n","protected":false},"excerpt":{"rendered":"<p>[et_pb_section fb_built=&#8221;1&#8243; module_id=&#8221;espacios&#8221; _builder_version=&#8221;4.7.7&#8243; _module_preset=&#8221;default&#8221; background_color_gradient_direction=&#8221;90deg&#8221; background_enable_image=&#8221;off&#8221; min_height=&#8221;409px&#8221; custom_margin=&#8221;-21px||-155px||false|false&#8221; custom_padding=&#8221;0px||0px||false|false&#8221;][\/et_pb_section][et_pb_section fb_built=&#8221;1&#8243; module_id=&#8221;espacios&#8221; _builder_version=&#8221;4.7.7&#8243; _module_preset=&#8221;default&#8221; background_color_gradient_direction=&#8221;90deg&#8221; background_enable_image=&#8221;off&#8221; min_height=&#8221;100px&#8221; custom_margin=&#8221;2px||-260px||false|false&#8221; custom_padding=&#8221;3px||0px||false|false&#8221;][\/et_pb_section][et_pb_section fb_built=&#8221;1&#8243; module_id=&#8221;espacios&#8221; _builder_version=&#8221;4.7.7&#8243; _module_preset=&#8221;default&#8221; background_color_gradient_direction=&#8221;90deg&#8221; background_enable_image=&#8221;off&#8221; min_height=&#8221;684.4px&#8221; custom_margin=&#8221;2px||-260px||false|false&#8221; custom_padding=&#8221;3px||0px||false|false&#8221;][et_pb_row _builder_version=&#8221;4.7.7&#8243; _module_preset=&#8221;default&#8221; width=&#8221;100%&#8221; max_width=&#8221;2560px&#8221; min_height=&#8221;94px&#8221; custom_margin=&#8221;2px|auto||auto|false|false&#8221; custom_padding=&#8221;0px||0px||false|false&#8221;][et_pb_column type=&#8221;4_4&#8243; _builder_version=&#8221;4.7.7&#8243; _module_preset=&#8221;default&#8221;][et_pb_image src=&#8221;http:\/\/leonjoven.gob.mx\/wp-content\/uploads\/2025\/11\/PORTADA-WEB-3-1-scaled.jpg&#8221; title_text=&#8221;PORTADA WEB (3)&#8221; url=&#8221;http:\/\/leonjoven.gob.mx\/?p=20070&#8243; url_new_window=&#8221;on&#8221; _builder_version=&#8221;4.7.7&#8243; _module_preset=&#8221;default&#8221;][\/et_pb_image][et_pb_gallery gallery_ids=&#8221;19722,18534&#8243; fullwidth=&#8221;on&#8221; _builder_version=&#8221;4.7.7&#8243; _module_preset=&#8221;default&#8221; width=&#8221;100%&#8221; max_width=&#8221;100%&#8221; module_alignment=&#8221;center&#8221; min_height=&#8221;67.7px&#8221; custom_margin=&#8221;22px|||183px||&#8221; [&hellip;]<\/p>\n","protected":false},"author":1,"featured_media":0,"parent":0,"menu_order":0,"comment_status":"closed","ping_status":"closed","template":"","meta":{"_et_pb_use_builder":"on","_et_pb_old_content":"","_et_gb_content_width":""},"_links":{"self":[{"href":"http:\/\/leonjoven.gob.mx\/index.php?rest_route=\/wp\/v2\/pages\/6823"}],"collection":[{"href":"http:\/\/leonjoven.gob.mx\/index.php?rest_route=\/wp\/v2\/pages"}],"about":[{"href":"http:\/\/leonjoven.gob.mx\/index.php?rest_route=\/wp\/v2\/types\/page"}],"author":[{"embeddable":true,"href":"http:\/\/leonjoven.gob.mx\/index.php?rest_route=\/wp\/v2\/users\/1"}],"replies":[{"embeddable":true,"href":"http:\/\/leonjoven.gob.mx\/index.php?rest_route=%2Fwp%2Fv2%2Fcomments&post=6823"}],"version-history":[{"count":306,"href":"http:\/\/leonjoven.gob.mx\/index.php?rest_route=\/wp\/v2\/pages\/6823\/revisions"}],"predecessor-version":[{"id":20867,"href":"http:\/\/leonjoven.gob.mx\/index.php?rest_route=\/wp\/v2\/pages\/6823\/revisions\/20867"}],"wp:attachment":[{"href":"http:\/\/leonjoven.gob.mx\/index.php?rest_route=%2Fwp%2Fv2%2Fmedia&parent=6823"}],"curies":[{"name":"wp","href":"https:\/\/api.w.org\/{rel}","templated":true}]}}