{"id":342,"date":"2018-01-16T12:22:21","date_gmt":"2018-01-16T18:22:21","guid":{"rendered":"http:\/\/leonjoven.gob.mx\/?page_id=342"},"modified":"2020-11-09T19:22:19","modified_gmt":"2020-11-10T01:22:19","slug":"academia-juventudes","status":"publish","type":"page","link":"http:\/\/leonjoven.gob.mx\/?page_id=342","title":{"rendered":"ACADEMIA JUVENTUDES"},"content":{"rendered":"<p>[et_pb_section fb_built=&#8221;1&#8243; custom_padding_last_edited=&#8221;on|desktop&#8221; admin_label=&#8221;section&#8221; _builder_version=&#8221;3.21&#8243; use_background_color_gradient=&#8221;on&#8221; background_color_gradient_start=&#8221;rgba(255,255,255,0.85)&#8221; background_color_gradient_end=&#8221;rgba(255,255,255,0.81)&#8221; background_color_gradient_overlays_image=&#8221;on&#8221; background_image=&#8221;http:\/\/leonjoven.gob.mx\/wp-content\/uploads\/2019\/09\/46063874341_203933cabe_k22.jpg&#8221; background_blend=&#8221;saturation&#8221; custom_padding=&#8221;9em||9em||true&#8221; custom_padding_tablet=&#8221;50px|0|50px|0&#8243; transparent_background=&#8221;off&#8221;][et_pb_row padding_mobile=&#8221;off&#8221; column_padding_mobile=&#8221;on&#8221; admin_label=&#8221;row&#8221; _builder_version=&#8221;3.0.48&#8243; background_size=&#8221;initial&#8221; background_position=&#8221;top_left&#8221; background_repeat=&#8221;repeat&#8221;][et_pb_column type=&#8221;1_3&#8243; _builder_version=&#8221;3.0.47&#8243;][et_pb_image src=&#8221;http:\/\/leonjoven.gob.mx\/wp-content\/uploads\/2019\/04\/logo-academia.png&#8221; align=&#8221;center&#8221; admin_label=&#8221;Imagen&#8221; _builder_version=&#8221;3.21&#8243; animation_style=&#8221;slide&#8221; animation_direction=&#8221;left&#8221; animation_duration=&#8221;500ms&#8221; animation_intensity_slide=&#8221;10%&#8221; sticky=&#8221;off&#8221; use_border_color=&#8221;off&#8221; border_color=&#8221;#ffffff&#8221; border_width=&#8221;1px&#8221; border_style=&#8221;solid&#8221;]\u00a0<br \/>\n[\/et_pb_image][et_pb_button button_url=&#8221;#&#8221; button_text=&#8221;M\u00e1s informaci\u00f3n&#8221; button_alignment=&#8221;center&#8221; admin_label=&#8221;Bot\u00f3n&#8221; _builder_version=&#8221;3.21&#8243; custom_button=&#8221;on&#8221; button_text_color=&#8221;#000000&#8243; button_border_color=&#8221;#000000&#8243; button_border_radius=&#8221;64&#8243; button_font=&#8221;||||||||&#8221; button_use_icon=&#8221;default&#8221; background_layout=&#8221;dark&#8221; button_text_color_hover=&#8221;#ffffff&#8221; button_border_color_hover=&#8221;#c4241f&#8221; button_border_radius_hover=&#8221;71&#8243; button_letter_spacing_hover=&#8221;0&#8243; button_bg_color_hover=&#8221;#c42c1b&#8221; button_text_size__hover_enabled=&#8221;off&#8221; button_one_text_size__hover_enabled=&#8221;off&#8221; button_two_text_size__hover_enabled=&#8221;off&#8221; button_text_color__hover_enabled=&#8221;on&#8221; button_text_color__hover=&#8221;#ffffff&#8221; button_one_text_color__hover_enabled=&#8221;off&#8221; button_two_text_color__hover_enabled=&#8221;off&#8221; button_border_width__hover_enabled=&#8221;off&#8221; button_one_border_width__hover_enabled=&#8221;off&#8221; button_two_border_width__hover_enabled=&#8221;off&#8221; button_border_color__hover_enabled=&#8221;on&#8221; button_border_color__hover=&#8221;#c4241f&#8221; button_one_border_color__hover_enabled=&#8221;off&#8221; button_two_border_color__hover_enabled=&#8221;off&#8221; button_border_radius__hover_enabled=&#8221;on&#8221; button_border_radius__hover=&#8221;71&#8243; button_one_border_radius__hover_enabled=&#8221;off&#8221; button_two_border_radius__hover_enabled=&#8221;off&#8221; button_letter_spacing__hover_enabled=&#8221;on&#8221; button_letter_spacing__hover=&#8221;0&#8243; button_one_letter_spacing__hover_enabled=&#8221;off&#8221; button_two_letter_spacing__hover_enabled=&#8221;off&#8221; button_bg_color__hover_enabled=&#8221;on&#8221; button_bg_color__hover=&#8221;#c42c1b&#8221; button_one_bg_color__hover_enabled=&#8221;off&#8221; button_two_bg_color__hover_enabled=&#8221;off&#8221;]\u00a0<br \/>\n[\/et_pb_button][\/et_pb_column][et_pb_column type=&#8221;2_3&#8243; _builder_version=&#8221;3.0.47&#8243;][et_pb_text admin_label=&#8221;Texto&#8221; _builder_version=&#8221;3.21&#8243; text_font=&#8221;||||||||&#8221; text_text_color=&#8221;#000000&#8243; header_font=&#8221;|700|||||||&#8221; header_text_color=&#8221;#000000&#8243; header_font_size=&#8221;35px&#8221; header_3_font=&#8221;||||||||&#8221; header_3_text_color=&#8221;#000000&#8243; background_size=&#8221;initial&#8221; background_position=&#8221;top_left&#8221; background_repeat=&#8221;repeat&#8221; text_orientation=&#8221;justified&#8221; background_layout=&#8221;dark&#8221; use_border_color=&#8221;off&#8221; border_style=&#8221;solid&#8221;]<\/p>\n<h1>Sobre el Programa<\/h1>\n<p>La sub direcci\u00f3n de Academia Juventudes est\u00e1 encargada de generar, desarrollar y encauzar el talento de j\u00f3venes leoneses. Esto lo logramos a trav\u00e9s de las diferentes subculturas urbanas juveniles o tribus de la ciudad de Le\u00f3n, dentro del marco de la legalidad.<\/p>\n<p>Algunos programas que se realizan dentro de Academia Juventudes son:<\/p>\n<h3>MURALE\u00d3N<\/h3>\n<p>Este programa tiene como objetivo encauzar la actividad del arte urbano dentro de un marco art\u00edstico, de legalidad y respeto, mediante el apoyo a los artistas urbanos y las expresiones juveniles de nuestra ciudad, para fortalecer la identidad local.<\/p>\n<h3>TLACHIQUERA<\/h3>\n<p>Este proyecto fortalecer\u00e1 el acervo cultural, rescatar\u00e1 tradiciones y creencias, a su vez generar\u00e1 una identidad leonesa. Ser\u00e1n los j\u00f3venes quienes construyan, dise\u00f1en y desarrollen las estrategias y ejes de acci\u00f3n en coordinaci\u00f3n con el IMJU a trav\u00e9s de un Comit\u00e9 Participativo de Nuevo Valle de Moreno.<\/p>\n<p>[\/et_pb_text][\/et_pb_column][\/et_pb_row][\/et_pb_section][et_pb_section fb_built=&#8221;1&#8243; fullwidth=&#8221;on&#8221; _builder_version=&#8221;3.21&#8243;][et_pb_fullwidth_slider _builder_version=&#8221;3.21&#8243; body_font=&#8221;||||||||&#8221;][et_pb_slide button_text=&#8221;Conoce m\u00e1s sobre Murale\u00f3n&#8221; image=&#8221;http:\/\/leonjoven.gob.mx\/wp-content\/uploads\/2020\/07\/Logo-Ngo.png&#8221; _builder_version=&#8221;3.21&#8243; body_font=&#8221;||||||||&#8221; body_text_align=&#8221;justify&#8221; body_font_size=&#8221;1.2em&#8221; body_line_height=&#8221;1.6em&#8221; background_image=&#8221;http:\/\/leonjoven.gob.mx\/wp-content\/uploads\/2020\/07\/muraleon-headerbco.jpg&#8221; parallax=&#8221;on&#8221; parallax_method=&#8221;off&#8221;]<\/p>\n<p>Este programa tiene como objetivo encauzar la actividad del arte urbano dentro de un marco art\u00edstico, de legalidad y respeto, mediante el apoyo a los artistas urbanos y las expresiones juveniles de nuestra ciudad, para fortalecer la identidad local.<\/p>\n<p>[\/et_pb_slide][et_pb_slide button_text=&#8221;Conoce m\u00e1s sobre Ritmo y Ruido&#8221; image=&#8221;http:\/\/leonjoven.gob.mx\/wp-content\/uploads\/2020\/08\/logotipo.png&#8221; _builder_version=&#8221;3.21&#8243; body_font=&#8221;||||||||&#8221; body_text_align=&#8221;justify&#8221; body_font_size=&#8221;1.2em&#8221; body_line_height=&#8221;1.6em&#8221; background_image=&#8221;http:\/\/leonjoven.gob.mx\/wp-content\/uploads\/2020\/08\/fondo1.jpg&#8221; parallax=&#8221;on&#8221; parallax_method=&#8221;off&#8221;]<\/p>\n<p>Las danzas urbanas son una mezcla de diversos estilos de baile callejero en los que podemos encontrar ritmos como el poppin, hip hop, lockin, house, dance hall, whacking, vogue, electro, entre otros.<\/p>\n<p>Debido al auge de estas manifestaciones art\u00edsticas en la ciudad de Le\u00f3n, el Instituto Municipal de la Juventud lanz\u00f3 \u201cRitmo y ruido\u201d, un programa que est\u00e1 en b\u00fasqueda de aquellos grupos de j\u00f3venes que se expresen a trav\u00e9s de las diversas t\u00e9cnicas de estas danza<\/p>\n<p>[\/et_pb_slide][et_pb_slide button_text=&#8221;Conoce m\u00e1s sobre Toquines&#8221; image=&#8221;http:\/\/leonjoven.gob.mx\/wp-content\/uploads\/2020\/08\/logotipo.png&#8221; _builder_version=&#8221;3.21&#8243; body_font=&#8221;||||||||&#8221; body_text_align=&#8221;justify&#8221; body_font_size=&#8221;1.2em&#8221; body_line_height=&#8221;1.6em&#8221; background_image=&#8221;http:\/\/leonjoven.gob.mx\/wp-content\/uploads\/2020\/08\/fondo1.jpg&#8221; parallax=&#8221;on&#8221; parallax_method=&#8221;off&#8221;]<\/p>\n<p>Un espacio en plazas p\u00fablicas de la ciudad de Le\u00f3n, donde grupos art\u00edsticos juveniles manifiestan sus habilidades musicales en g\u00e9neros tan diversos como Ska, Metal, Alternativo, Reggae, Fusi\u00f3n, Electro, Rock y muchos m\u00e1s.<\/p>\n<p>[\/et_pb_slide][\/et_pb_fullwidth_slider][\/et_pb_section]<\/p>\n","protected":false},"excerpt":{"rendered":"<p>[et_pb_section fb_built=&#8221;1&#8243; custom_padding_last_edited=&#8221;on|desktop&#8221; admin_label=&#8221;section&#8221; _builder_version=&#8221;3.21&#8243; use_background_color_gradient=&#8221;on&#8221; background_color_gradient_start=&#8221;rgba(255,255,255,0.85)&#8221; background_color_gradient_end=&#8221;rgba(255,255,255,0.81)&#8221; background_color_gradient_overlays_image=&#8221;on&#8221; background_image=&#8221;http:\/\/leonjoven.gob.mx\/wp-content\/uploads\/2019\/09\/46063874341_203933cabe_k22.jpg&#8221; background_blend=&#8221;saturation&#8221; custom_padding=&#8221;9em||9em||true&#8221; custom_padding_tablet=&#8221;50px|0|50px|0&#8243; transparent_background=&#8221;off&#8221;][et_pb_row padding_mobile=&#8221;off&#8221; column_padding_mobile=&#8221;on&#8221; admin_label=&#8221;row&#8221; _builder_version=&#8221;3.0.48&#8243; background_size=&#8221;initial&#8221; background_position=&#8221;top_left&#8221; background_repeat=&#8221;repeat&#8221;][et_pb_column type=&#8221;1_3&#8243; _builder_version=&#8221;3.0.47&#8243;][et_pb_image src=&#8221;http:\/\/leonjoven.gob.mx\/wp-content\/uploads\/2019\/04\/logo-academia.png&#8221; align=&#8221;center&#8221; admin_label=&#8221;Imagen&#8221; _builder_version=&#8221;3.21&#8243; animation_style=&#8221;slide&#8221; animation_direction=&#8221;left&#8221; animation_duration=&#8221;500ms&#8221; animation_intensity_slide=&#8221;10%&#8221; sticky=&#8221;off&#8221; use_border_color=&#8221;off&#8221; border_color=&#8221;#ffffff&#8221; border_width=&#8221;1px&#8221; border_style=&#8221;solid&#8221;]\u00a0 [\/et_pb_image][et_pb_button button_url=&#8221;#&#8221; button_text=&#8221;M\u00e1s informaci\u00f3n&#8221; button_alignment=&#8221;center&#8221; admin_label=&#8221;Bot\u00f3n&#8221; _builder_version=&#8221;3.21&#8243; custom_button=&#8221;on&#8221; button_text_color=&#8221;#000000&#8243; button_border_color=&#8221;#000000&#8243; button_border_radius=&#8221;64&#8243; button_font=&#8221;||||||||&#8221; button_use_icon=&#8221;default&#8221; background_layout=&#8221;dark&#8221; button_text_color_hover=&#8221;#ffffff&#8221; button_border_color_hover=&#8221;#c4241f&#8221; button_border_radius_hover=&#8221;71&#8243; button_letter_spacing_hover=&#8221;0&#8243; button_bg_color_hover=&#8221;#c42c1b&#8221; [&hellip;]<\/p>\n","protected":false},"author":1,"featured_media":0,"parent":0,"menu_order":0,"comment_status":"closed","ping_status":"closed","template":"","meta":{"_et_pb_use_builder":"on","_et_pb_old_content":"","_et_gb_content_width":""},"_links":{"self":[{"href":"http:\/\/leonjoven.gob.mx\/index.php?rest_route=\/wp\/v2\/pages\/342"}],"collection":[{"href":"http:\/\/leonjoven.gob.mx\/index.php?rest_route=\/wp\/v2\/pages"}],"about":[{"href":"http:\/\/leonjoven.gob.mx\/index.php?rest_route=\/wp\/v2\/types\/page"}],"author":[{"embeddable":true,"href":"http:\/\/leonjoven.gob.mx\/index.php?rest_route=\/wp\/v2\/users\/1"}],"replies":[{"embeddable":true,"href":"http:\/\/leonjoven.gob.mx\/index.php?rest_route=%2Fwp%2Fv2%2Fcomments&post=342"}],"version-history":[{"count":39,"href":"http:\/\/leonjoven.gob.mx\/index.php?rest_route=\/wp\/v2\/pages\/342\/revisions"}],"predecessor-version":[{"id":7648,"href":"http:\/\/leonjoven.gob.mx\/index.php?rest_route=\/wp\/v2\/pages\/342\/revisions\/7648"}],"wp:attachment":[{"href":"http:\/\/leonjoven.gob.mx\/index.php?rest_route=%2Fwp%2Fv2%2Fmedia&parent=342"}],"curies":[{"name":"wp","href":"https:\/\/api.w.org\/{rel}","templated":true}]}}