{"id":18487,"date":"2024-05-24T10:44:21","date_gmt":"2024-05-24T16:44:21","guid":{"rendered":"http:\/\/leonjoven.gob.mx\/?page_id=18487"},"modified":"2026-04-06T08:04:25","modified_gmt":"2026-04-06T14:04:25","slug":"oferta-laboral","status":"publish","type":"page","link":"http:\/\/leonjoven.gob.mx\/?page_id=18487","title":{"rendered":"Oferta laboral"},"content":{"rendered":"<p>[et_pb_section fb_built=&#8221;1&#8243; custom_padding_last_edited=&#8221;on|desktop&#8221; admin_label=&#8221;section&#8221; _builder_version=&#8221;3.22&#8243; background_image=&#8221;http:\/\/leonjoven.gob.mx\/wp-content\/uploads\/2018\/01\/fondo-contacto.jpg&#8221; parallax=&#8221;on&#8221; parallax_method=&#8221;off&#8221; custom_padding_tablet=&#8221;50px|0|50px|0&#8243; custom_padding_phone=&#8221;&#8221; transparent_background=&#8221;off&#8221; padding_mobile=&#8221;off&#8221; make_fullwidth=&#8221;off&#8221; use_custom_width=&#8221;off&#8221; width_unit=&#8221;on&#8221; custom_width_px=&#8221;1080px&#8221; custom_width_percent=&#8221;80%&#8221;][et_pb_row use_custom_gutter=&#8221;on&#8221; gutter_width=&#8221;2&#8243; padding_mobile=&#8221;off&#8221; column_padding_mobile=&#8221;on&#8221; admin_label=&#8221;row&#8221; _builder_version=&#8221;3.25&#8243; background_size=&#8221;initial&#8221; background_position=&#8221;top_left&#8221; background_repeat=&#8221;repeat&#8221; make_fullwidth=&#8221;off&#8221; use_custom_width=&#8221;off&#8221; width_unit=&#8221;off&#8221; custom_width_px=&#8221;1080px&#8221; custom_width_percent=&#8221;80%&#8221;][et_pb_column type=&#8221;4_4&#8243; _builder_version=&#8221;3.25&#8243; custom_padding=&#8221;|||&#8221; custom_padding__hover=&#8221;|||&#8221;][et_pb_text admin_label=&#8221;Texto&#8221; _builder_version=&#8221;4.7.7&#8243; header_font=&#8221;|on|||&#8221; header_font_size=&#8221;41px&#8221; background_size=&#8221;initial&#8221; background_position=&#8221;top_left&#8221; background_repeat=&#8221;repeat&#8221; background_layout=&#8221;dark&#8221; use_border_color=&#8221;off&#8221; border_style=&#8221;solid&#8221;]<\/p>\n<h1>Oferta laboral<\/h1>\n<p>[\/et_pb_text][et_pb_text _builder_version=&#8221;4.7.7&#8243; background_size=&#8221;initial&#8221; background_position=&#8221;top_left&#8221; background_repeat=&#8221;repeat&#8221; text_orientation=&#8221;justified&#8221; background_layout=&#8221;dark&#8221; hover_enabled=&#8221;0&#8243; sticky_enabled=&#8221;0&#8243;]<\/p>\n<h3><span>El Instituto Municipal de las Juventudes Le\u00f3n (IMJU) est\u00e1 en b\u00fasqueda de talento comprometido y estrat\u00e9gico para integrarse a nuestro equipo de trabajo. Vacantes disponibles:<\/span><\/h3>\n<ul>\n<li>Supervisi\u00f3n de Atenci\u00f3n a Medios y Log\u00edstica de Eventos<\/li>\n<li>Supervisor Estrat\u00e9gico de Atenci\u00f3n Profesional<\/li>\n<li>Supervisi\u00f3n de Comunidades Externas<\/li>\n<\/ul>\n<p>Para postularte o solicitar mayor informaci\u00f3n sobre los perfiles requeridos, comun\u00edcate directamente al correo: <b data-path-to-node=\"16\" data-index-in-node=\"148\">lourdes.martinez@leon.gob.mx<\/b><\/p>\n<p>&nbsp;<\/p>\n<h4><span style=\"text-decoration: underline; color: #ffffff;\"><strong>Somos un instituto certificado en\u00a0 ISO:9001:2015 y buscamos tu talento para que forme parte de nuestra familia IMJU Le\u00f3n<\/strong><\/span><\/h4>\n<p>[\/et_pb_text][\/et_pb_column][\/et_pb_row][\/et_pb_section]<\/p>\n","protected":false},"excerpt":{"rendered":"<p>[et_pb_section fb_built=&#8221;1&#8243; custom_padding_last_edited=&#8221;on|desktop&#8221; admin_label=&#8221;section&#8221; _builder_version=&#8221;3.22&#8243; background_image=&#8221;http:\/\/leonjoven.gob.mx\/wp-content\/uploads\/2018\/01\/fondo-contacto.jpg&#8221; parallax=&#8221;on&#8221; parallax_method=&#8221;off&#8221; custom_padding_tablet=&#8221;50px|0|50px|0&#8243; custom_padding_phone=&#8221;&#8221; transparent_background=&#8221;off&#8221; padding_mobile=&#8221;off&#8221; make_fullwidth=&#8221;off&#8221; use_custom_width=&#8221;off&#8221; width_unit=&#8221;on&#8221; custom_width_px=&#8221;1080px&#8221; custom_width_percent=&#8221;80%&#8221;][et_pb_row use_custom_gutter=&#8221;on&#8221; gutter_width=&#8221;2&#8243; padding_mobile=&#8221;off&#8221; column_padding_mobile=&#8221;on&#8221; admin_label=&#8221;row&#8221; _builder_version=&#8221;3.25&#8243; background_size=&#8221;initial&#8221; background_position=&#8221;top_left&#8221; background_repeat=&#8221;repeat&#8221; make_fullwidth=&#8221;off&#8221; use_custom_width=&#8221;off&#8221; width_unit=&#8221;off&#8221; custom_width_px=&#8221;1080px&#8221; custom_width_percent=&#8221;80%&#8221;][et_pb_column type=&#8221;4_4&#8243; _builder_version=&#8221;3.25&#8243; custom_padding=&#8221;|||&#8221; custom_padding__hover=&#8221;|||&#8221;][et_pb_text admin_label=&#8221;Texto&#8221; _builder_version=&#8221;4.7.7&#8243; header_font=&#8221;|on|||&#8221; header_font_size=&#8221;41px&#8221; background_size=&#8221;initial&#8221; background_position=&#8221;top_left&#8221; background_repeat=&#8221;repeat&#8221; background_layout=&#8221;dark&#8221; use_border_color=&#8221;off&#8221; border_style=&#8221;solid&#8221;] Oferta laboral [\/et_pb_text][et_pb_text _builder_version=&#8221;4.7.7&#8243; background_size=&#8221;initial&#8221; background_position=&#8221;top_left&#8221; background_repeat=&#8221;repeat&#8221; text_orientation=&#8221;justified&#8221; background_layout=&#8221;dark&#8221; hover_enabled=&#8221;0&#8243; [&hellip;]<\/p>\n","protected":false},"author":1,"featured_media":0,"parent":0,"menu_order":0,"comment_status":"closed","ping_status":"closed","template":"","meta":{"_et_pb_use_builder":"on","_et_pb_old_content":"","_et_gb_content_width":""},"_links":{"self":[{"href":"http:\/\/leonjoven.gob.mx\/index.php?rest_route=\/wp\/v2\/pages\/18487"}],"collection":[{"href":"http:\/\/leonjoven.gob.mx\/index.php?rest_route=\/wp\/v2\/pages"}],"about":[{"href":"http:\/\/leonjoven.gob.mx\/index.php?rest_route=\/wp\/v2\/types\/page"}],"author":[{"embeddable":true,"href":"http:\/\/leonjoven.gob.mx\/index.php?rest_route=\/wp\/v2\/users\/1"}],"replies":[{"embeddable":true,"href":"http:\/\/leonjoven.gob.mx\/index.php?rest_route=%2Fwp%2Fv2%2Fcomments&post=18487"}],"version-history":[{"count":19,"href":"http:\/\/leonjoven.gob.mx\/index.php?rest_route=\/wp\/v2\/pages\/18487\/revisions"}],"predecessor-version":[{"id":20890,"href":"http:\/\/leonjoven.gob.mx\/index.php?rest_route=\/wp\/v2\/pages\/18487\/revisions\/20890"}],"wp:attachment":[{"href":"http:\/\/leonjoven.gob.mx\/index.php?rest_route=%2Fwp%2Fv2%2Fmedia&parent=18487"}],"curies":[{"name":"wp","href":"https:\/\/api.w.org\/{rel}","templated":true}]}}