{"id":15543,"date":"2021-10-07T18:37:29","date_gmt":"2021-10-08T00:37:29","guid":{"rendered":"http:\/\/leonjoven.gob.mx\/?page_id=15543"},"modified":"2021-10-07T18:44:12","modified_gmt":"2021-10-08T00:44:12","slug":"participacion-y-representacion-juvenil","status":"publish","type":"page","link":"http:\/\/leonjoven.gob.mx\/?page_id=15543","title":{"rendered":"Participaci\u00f3n y Representaci\u00f3n Juvenil"},"content":{"rendered":"<p>[et_pb_section fb_built=&#8221;1&#8243; fullwidth=&#8221;on&#8221; _builder_version=&#8221;4.9.4&#8243; _module_preset=&#8221;default&#8221; use_background_color_gradient=&#8221;on&#8221; background_color_gradient_start=&#8221;#82004e&#8221; background_color_gradient_end=&#8221;#6d1750&#8243; background_color_gradient_direction=&#8221;0deg&#8221; background_enable_image=&#8221;off&#8221; parallax=&#8221;on&#8221; parallax_method=&#8221;off&#8221; locked=&#8221;off&#8221;][et_pb_fullwidth_header title=&#8221;PARTICIPACI\u00d3N Y REPRESENTACI\u00d3N JUVENIL&#8221; header_fullscreen=&#8221;on&#8221; button_one_text=&#8221;Conoce los resultados&#8221; button_one_url=&#8221;#inicio&#8221; header_image_url=&#8221;http:\/\/leonjoven.gob.mx\/wp-content\/uploads\/2021\/10\/Sin-titulo-1_0000_sonidero-1.png&#8221; _builder_version=&#8221;4.9.4&#8243; _module_preset=&#8221;default&#8221; title_font=&#8221;Poppins|200|||||||&#8221; title_font_size=&#8221;3em&#8221; title_line_height=&#8221;1.2em&#8221; background_enable_color=&#8221;off&#8221; custom_button_one=&#8221;on&#8221; button_one_bg_color=&#8221;#00915e&#8221; button_one_border_radius=&#8221;26px&#8221; button_one_font=&#8221;Poppins||||||||&#8221; button_one_icon=&#8221;%%40%%&#8221; animation_style=&#8221;slide&#8221; animation_direction=&#8221;left&#8221;][\/et_pb_fullwidth_header][et_pb_fullwidth_menu menu_id=&#8221;54&#8243; menu_style=&#8221;centered&#8221; fullwidth_menu=&#8221;on&#8221; active_link_color=&#8221;#ffd400&#8243; _builder_version=&#8221;4.7.7&#8243; _module_preset=&#8221;default&#8221; menu_font=&#8221;Poppins|500|||||||&#8221; menu_text_color=&#8221;#FFFFFF&#8221; background_color=&#8221;RGBA(0,0,0,0)&#8221; sticky_position=&#8221;top_bottom&#8221; sticky_limit_bottom=&#8221;body&#8221; scroll_vertical_motion=&#8221;0|50|50|100|4|0|0&#8243; hover_enabled=&#8221;0&#8243; locked=&#8221;off&#8221; background__sticky_enabled=&#8221;on|sticky&#8221; background_color__sticky=&#8221;#00915e&#8221; background_enable_color__sticky=&#8221;on&#8221; active_link_color__sticky_enabled=&#8221;off|sticky&#8221; menu_text_color__hover_enabled=&#8221;off|desktop&#8221; menu_letter_spacing__hover_enabled=&#8221;on|hover&#8221; menu_letter_spacing__hover=&#8221;1px&#8221; sticky_enabled=&#8221;0&#8243;][\/et_pb_fullwidth_menu][\/et_pb_section][et_pb_section fb_built=&#8221;1&#8243; module_id=&#8221;inicio&#8221; _builder_version=&#8221;4.9.4&#8243; _module_preset=&#8221;default&#8221; use_background_color_gradient=&#8221;on&#8221; background_color_gradient_start=&#8221;#82004e&#8221; background_color_gradient_end=&#8221;#6d1750&#8243; background_image=&#8221;http:\/\/leonjoven.gob.mx\/wp-content\/uploads\/2021\/10\/fondo3.png&#8221; parallax=&#8221;on&#8221; parallax_method=&#8221;off&#8221; custom_padding=&#8221;||109px|||&#8221; bottom_divider_style=&#8221;mountains&#8221; bottom_divider_color=&#8221;#6d1750&#8243; bottom_divider_height=&#8221;153px&#8221;][et_pb_row column_structure=&#8221;2_5,3_5&#8243; _builder_version=&#8221;4.9.4&#8243; _module_preset=&#8221;default&#8221; custom_padding=&#8221;||41px|||&#8221;][et_pb_column type=&#8221;2_5&#8243; _builder_version=&#8221;4.9.4&#8243; _module_preset=&#8221;default&#8221;][et_pb_image src=&#8221;http:\/\/leonjoven.gob.mx\/wp-content\/uploads\/2021\/10\/mono1.png&#8221; title_text=&#8221;mono1&#8243; _builder_version=&#8221;4.9.4&#8243; _module_preset=&#8221;default&#8221; width=&#8221;56%&#8221; custom_margin=&#8221;-139px||||false|false&#8221; custom_padding=&#8221;0px|||||&#8221; scroll_vertical_motion_enable=&#8221;on&#8221; scroll_vertical_motion=&#8221;0|50|50|100|-4|0|5&#8243;][\/et_pb_image][et_pb_image src=&#8221;http:\/\/leonjoven.gob.mx\/wp-content\/uploads\/2021\/10\/mono2.png&#8221; title_text=&#8221;mono2&#8243; align=&#8221;right&#8221; _builder_version=&#8221;4.9.4&#8243; _module_preset=&#8221;default&#8221; width=&#8221;56%&#8221; scroll_vertical_motion_enable=&#8221;on&#8221; scroll_vertical_motion=&#8221;0|50|50|100|-4|0|5&#8243;][\/et_pb_image][\/et_pb_column][et_pb_column type=&#8221;3_5&#8243; _builder_version=&#8221;4.9.4&#8243; _module_preset=&#8221;default&#8221;][et_pb_text _builder_version=&#8221;4.9.4&#8243; _module_preset=&#8221;default&#8221; text_text_color=&#8221;#FFFFFF&#8221; header_font=&#8221;Poppins|200|||||||&#8221; header_text_align=&#8221;left&#8221; header_text_color=&#8221;#FFFFFF&#8221; header_font_size=&#8221;1.8em&#8221; header_line_height=&#8221;1.3em&#8221; custom_padding=&#8221;|||1vw|false|false&#8221; border_width_left=&#8221;4px&#8221; border_color_left=&#8221;#00915e&#8221;]<\/p>\n<h1>Logramos integrar a <strong>61 j\u00f3venes<\/strong> en Consejos Consultivos y Directivos del Municipio.<\/h1>\n<p>[\/et_pb_text][et_pb_text _builder_version=&#8221;4.9.4&#8243; _module_preset=&#8221;default&#8221; text_text_color=&#8221;#FFFFFF&#8221; header_font=&#8221;Poppins|200|||||||&#8221; header_text_align=&#8221;left&#8221; header_text_color=&#8221;#FFFFFF&#8221; header_font_size=&#8221;1.8em&#8221; header_line_height=&#8221;1.3em&#8221; custom_padding=&#8221;|||1vw|false|false&#8221; border_width_left=&#8221;4px&#8221; border_color_left=&#8221;#00915e&#8221;]<\/p>\n<h1>Con esto se logr\u00f3 la modificaci\u00f3n del reglamento para dar voz a la participaci\u00f3n juvenil en la toma de decisiones.<\/h1>\n<p>[\/et_pb_text][et_pb_text _builder_version=&#8221;4.9.4&#8243; _module_preset=&#8221;default&#8221; text_text_color=&#8221;#FFFFFF&#8221; header_font=&#8221;Poppins|200|||||||&#8221; header_text_align=&#8221;left&#8221; header_text_color=&#8221;#FFFFFF&#8221; header_font_size=&#8221;1.8em&#8221; header_line_height=&#8221;1.3em&#8221; custom_padding=&#8221;|||1vw|false|false&#8221; border_width_left=&#8221;4px&#8221; border_color_left=&#8221;#00915e&#8221;]<\/p>\n<h1>Las y los consejeros cuentan con capacitaci\u00f3n constante, en las <strong>16 ediciones de Consejos para consejeros<\/strong> han tenido la oportunidad de charlar con titulares de diferentes dependencias, as\u00ed como especialistas en temas de pol\u00edtica p\u00fablica.<\/h1>\n<p>[\/et_pb_text][\/et_pb_column][\/et_pb_row][\/et_pb_section][et_pb_section fb_built=&#8221;1&#8243; _builder_version=&#8221;4.9.4&#8243; _module_preset=&#8221;default&#8221; background_color=&#8221;#6d1750&#8243; background_enable_image=&#8221;off&#8221; background_size=&#8221;contain&#8221; background_blend=&#8221;multiply&#8221;][et_pb_row _builder_version=&#8221;4.9.4&#8243; _module_preset=&#8221;default&#8221;][et_pb_column type=&#8221;4_4&#8243; _builder_version=&#8221;4.9.4&#8243; _module_preset=&#8221;default&#8221;][et_pb_text _builder_version=&#8221;4.9.4&#8243; _module_preset=&#8221;default&#8221; text_font=&#8221;Poppins|200|||||||&#8221; text_font_size=&#8221;2.5em&#8221; text_line_height=&#8221;1.3em&#8221; text_orientation=&#8221;center&#8221;]<\/p>\n<p>LAS JUVENTUDES Y SU REPRESENTATIVIDAD<\/p>\n<p>[\/et_pb_text][et_pb_image src=&#8221;http:\/\/leonjoven.gob.mx\/wp-content\/uploads\/2021\/10\/comunidades-logo.png&#8221; title_text=&#8221;comunidades-logo&#8221; _builder_version=&#8221;4.9.4&#8243; _module_preset=&#8221;default&#8221; width=&#8221;70%&#8221; module_alignment=&#8221;center&#8221;][\/et_pb_image][\/et_pb_column][\/et_pb_row][et_pb_row column_structure=&#8221;1_3,2_3&#8243; use_custom_gutter=&#8221;on&#8221; gutter_width=&#8221;1&#8243; _builder_version=&#8221;4.9.4&#8243; _module_preset=&#8221;default&#8221; custom_padding=&#8221;||0px|||&#8221;][et_pb_column type=&#8221;1_3&#8243; _builder_version=&#8221;4.9.4&#8243; _module_preset=&#8221;default&#8221;][et_pb_blurb title=&#8221;3 GENERACIONES DE EMBAJADORES&#8221; image=&#8221;http:\/\/leonjoven.gob.mx\/wp-content\/uploads\/2021\/10\/slide3.png&#8221; _builder_version=&#8221;4.9.4&#8243; _module_preset=&#8221;default&#8221; header_text_align=&#8221;center&#8221; header_font_size=&#8221;1.4em&#8221; header_line_height=&#8221;1.2em&#8221;][\/et_pb_blurb][\/et_pb_column][et_pb_column type=&#8221;2_3&#8243; _builder_version=&#8221;4.9.4&#8243; _module_preset=&#8221;default&#8221;][et_pb_text _builder_version=&#8221;4.9.4&#8243; _module_preset=&#8221;default&#8221; text_text_color=&#8221;#FFFFFF&#8221; header_font=&#8221;Poppins|200|||||||&#8221; header_text_align=&#8221;left&#8221; header_text_color=&#8221;#FFFFFF&#8221; header_font_size=&#8221;1.5em&#8221; header_line_height=&#8221;1.3em&#8221; custom_padding=&#8221;59px|||1vw|false|false&#8221; border_width_left=&#8221;4px&#8221; border_color_left=&#8221;#00915e&#8221;]<\/p>\n<h1>Embajadores Le\u00f3n Joven es un programa donde, a trav\u00e9s de una convocatoria abierta, se seleccionan a 10 j\u00f3venes que, con sus proyectos han logrado un cambio en la sociedad a trav\u00e9s un impacto positivo; adem\u00e1s, representar\u00e1n a las juventudes, con el objetivo de inspirar a los dem\u00e1s a cambiar y transformar su entorno en beneficio de todas y todos.<\/h1>\n<p>[\/et_pb_text][\/et_pb_column][\/et_pb_row][et_pb_row column_structure=&#8221;2_3,1_3&#8243; use_custom_gutter=&#8221;on&#8221; gutter_width=&#8221;1&#8243; _builder_version=&#8221;4.9.4&#8243; _module_preset=&#8221;default&#8221; custom_padding=&#8221;70px||0px|||&#8221;][et_pb_column type=&#8221;2_3&#8243; _builder_version=&#8221;4.9.4&#8243; _module_preset=&#8221;default&#8221;][et_pb_text _builder_version=&#8221;4.9.4&#8243; _module_preset=&#8221;default&#8221; text_text_color=&#8221;#FFFFFF&#8221; header_font=&#8221;Poppins|200|||||||&#8221; header_text_align=&#8221;right&#8221; header_text_color=&#8221;#FFFFFF&#8221; header_font_size=&#8221;1.5em&#8221; header_line_height=&#8221;1.3em&#8221; text_orientation=&#8221;right&#8221; custom_padding=&#8221;60px|1vw|||false|false&#8221; border_width_right=&#8221;4px&#8221; border_color_right=&#8221;#00915e&#8221; border_color_left=&#8221;RGBA(0,0,0,0)&#8221;]<\/p>\n<h1>Sabemos que las juventudes ya son creadoras e inciden en los espacios p\u00fablicos, as\u00ed como en cada uno de sus entornos. Es por ello que creamos este modelo de atenci\u00f3n en el que brindamos seguimiento, vinculaci\u00f3n y espacios seguros para su desarrollo, desenvolvimiento y representatividad.<\/h1>\n<p>&nbsp;<\/p>\n<p>&nbsp;<\/p>\n<p>[\/et_pb_text][\/et_pb_column][et_pb_column type=&#8221;1_3&#8243; _builder_version=&#8221;4.9.4&#8243; _module_preset=&#8221;default&#8221;][et_pb_blurb title=&#8221;COMUNIDADES DE PR\u00c1CTICAS&#8221; image=&#8221;http:\/\/leonjoven.gob.mx\/wp-content\/uploads\/2021\/10\/slide2.png&#8221; _builder_version=&#8221;4.9.4&#8243; _module_preset=&#8221;default&#8221; header_text_align=&#8221;center&#8221; header_font_size=&#8221;1.4em&#8221; header_line_height=&#8221;1.2em&#8221;][\/et_pb_blurb][\/et_pb_column][\/et_pb_row][et_pb_row column_structure=&#8221;1_3,2_3&#8243; use_custom_gutter=&#8221;on&#8221; gutter_width=&#8221;1&#8243; _builder_version=&#8221;4.9.4&#8243; _module_preset=&#8221;default&#8221; custom_padding=&#8221;||0px|||&#8221;][et_pb_column type=&#8221;1_3&#8243; _builder_version=&#8221;4.9.4&#8243; _module_preset=&#8221;default&#8221;][et_pb_blurb title=&#8221;COMIT\u00c9S DE COLONOS&#8221; image=&#8221;http:\/\/leonjoven.gob.mx\/wp-content\/uploads\/2021\/10\/slide1.png&#8221; _builder_version=&#8221;4.9.4&#8243; _module_preset=&#8221;default&#8221; header_text_align=&#8221;center&#8221; header_font_size=&#8221;1.4em&#8221; header_line_height=&#8221;1.2em&#8221;][\/et_pb_blurb][\/et_pb_column][et_pb_column type=&#8221;2_3&#8243; _builder_version=&#8221;4.9.4&#8243; _module_preset=&#8221;default&#8221;][et_pb_text _builder_version=&#8221;4.9.4&#8243; _module_preset=&#8221;default&#8221; text_text_color=&#8221;#FFFFFF&#8221; header_font=&#8221;Poppins|200|||||||&#8221; header_text_align=&#8221;left&#8221; header_text_color=&#8221;#FFFFFF&#8221; header_font_size=&#8221;1.5em&#8221; header_line_height=&#8221;1.3em&#8221; custom_padding=&#8221;59px|||1vw|false|false&#8221; border_width_left=&#8221;4px&#8221; border_color_left=&#8221;#00915e&#8221;]<\/p>\n<h1>La participaci\u00f3n juvenil es clave para nuestro municipio. Por ello vinculamos acciones en conjunto con los Comit\u00e9s de Colonos y las personas j\u00f3venes que los integran, con la finalidad de encausar sus necesidades y brindarles de forma directa atenci\u00f3n y seguimiento a sus necesidades.<\/h1>\n<p>&nbsp;<\/p>\n<p>&nbsp;<\/p>\n<p>[\/et_pb_text][\/et_pb_column][\/et_pb_row][et_pb_row column_structure=&#8221;2_3,1_3&#8243; use_custom_gutter=&#8221;on&#8221; gutter_width=&#8221;1&#8243; _builder_version=&#8221;4.9.4&#8243; _module_preset=&#8221;default&#8221; custom_padding=&#8221;70px||0px|||&#8221;][et_pb_column type=&#8221;2_3&#8243; _builder_version=&#8221;4.9.4&#8243; _module_preset=&#8221;default&#8221;][et_pb_text _builder_version=&#8221;4.9.4&#8243; _module_preset=&#8221;default&#8221; text_text_color=&#8221;#FFFFFF&#8221; header_font=&#8221;Poppins|200|||||||&#8221; header_text_align=&#8221;right&#8221; header_text_color=&#8221;#FFFFFF&#8221; header_font_size=&#8221;1.5em&#8221; header_line_height=&#8221;1.3em&#8221; text_orientation=&#8221;right&#8221; custom_padding=&#8221;60px|1vw|||false|false&#8221; border_width_right=&#8221;4px&#8221; border_color_right=&#8221;#00915e&#8221; border_color_left=&#8221;RGBA(0,0,0,0)&#8221;]<\/p>\n<h1>Es una de las comunidades m\u00e1s representativas y activas con la representaci\u00f3n en m\u00e1s de 10 universidades. Las y los delegados han generado eventos, as\u00ed como contenido de inter\u00e9s para las juventudes, lo que les posiciona como una de las redes j\u00f3venes m\u00e1s cercanas a las comunidades juveniles.<\/h1>\n<p>&nbsp;<\/p>\n<p>&nbsp;<\/p>\n<p>[\/et_pb_text][\/et_pb_column][et_pb_column type=&#8221;1_3&#8243; _builder_version=&#8221;4.9.4&#8243; _module_preset=&#8221;default&#8221;][et_pb_blurb title=&#8221;DELEGADOS UNIVERSITARIOS&#8221; image=&#8221;http:\/\/leonjoven.gob.mx\/wp-content\/uploads\/2021\/10\/e-na_0003_e-na4.png&#8221; _builder_version=&#8221;4.9.4&#8243; _module_preset=&#8221;default&#8221; header_text_align=&#8221;center&#8221; header_font_size=&#8221;1.4em&#8221; header_line_height=&#8221;1.2em&#8221;][\/et_pb_blurb][\/et_pb_column][\/et_pb_row][\/et_pb_section][et_pb_section fb_built=&#8221;1&#8243; prev_background_color=&#8221;#6d1750&#8243; _builder_version=&#8221;4.9.4&#8243; _module_preset=&#8221;default&#8221; background_color=&#8221;#ffc600&#8243; background_image=&#8221;http:\/\/leonjoven.gob.mx\/wp-content\/uploads\/2021\/10\/GeneralWeb.jpg&#8221; parallax=&#8221;on&#8221; parallax_method=&#8221;off&#8221; custom_padding=&#8221;0px|||||&#8221; top_divider_style=&#8221;arrow3&#8243;][et_pb_row column_structure=&#8221;1_5,3_5,1_5&#8243; _builder_version=&#8221;4.9.4&#8243; _module_preset=&#8221;default&#8221; custom_padding=&#8221;112px||50px|||&#8221;][et_pb_column type=&#8221;1_5&#8243; _builder_version=&#8221;4.9.4&#8243; _module_preset=&#8221;default&#8221;][\/et_pb_column][et_pb_column type=&#8221;3_5&#8243; _builder_version=&#8221;4.9.4&#8243; _module_preset=&#8221;default&#8221;][et_pb_image src=&#8221;http:\/\/leonjoven.gob.mx\/wp-content\/uploads\/2021\/10\/embaja.png&#8221; title_text=&#8221;embaja&#8221; _builder_version=&#8221;4.9.4&#8243; _module_preset=&#8221;default&#8221;][\/et_pb_image][et_pb_image src=&#8221;http:\/\/leonjoven.gob.mx\/wp-content\/uploads\/2021\/10\/meslogo.png&#8221; title_text=&#8221;meslogo&#8221; align=&#8221;center&#8221; _builder_version=&#8221;4.9.4&#8243; _module_preset=&#8221;default&#8221; custom_margin=&#8221;57px|||||&#8221;][\/et_pb_image][\/et_pb_column][et_pb_column type=&#8221;1_5&#8243; _builder_version=&#8221;4.9.4&#8243; _module_preset=&#8221;default&#8221;][\/et_pb_column][\/et_pb_row][et_pb_row _builder_version=&#8221;4.9.4&#8243; _module_preset=&#8221;default&#8221; custom_padding=&#8221;||77px|||&#8221;][et_pb_column type=&#8221;4_4&#8243; _builder_version=&#8221;4.9.4&#8243; _module_preset=&#8221;default&#8221;][et_pb_text _builder_version=&#8221;4.9.4&#8243; _module_preset=&#8221;default&#8221; text_font=&#8221;Poppins|300|||||||&#8221; text_text_color=&#8221;#3c00ff&#8221; text_font_size=&#8221;1.3em&#8221; text_line_height=&#8221;1.3em&#8221; background_color=&#8221;#ffc600&#8243; text_orientation=&#8221;center&#8221; custom_padding=&#8221;1vw|1vw|1vw|1vw|true|true&#8221;]<\/p>\n<p><strong>El Premio Municipal de la Juventud de Le\u00f3n<\/strong> es el m\u00e1ximo reconocimiento p\u00fablico que otorga el Ayuntamiento de Le\u00f3n a trav\u00e9s del Instituto Municipal de la Juventud, a las y los j\u00f3venes leoneses, destacados por su liderazgo, visi\u00f3n innovadora, compromiso social y emprendimiento.<\/p>\n<p>[\/et_pb_text][\/et_pb_column][\/et_pb_row][et_pb_row column_structure=&#8221;1_3,1_3,1_3&#8243; _builder_version=&#8221;4.9.4&#8243; _module_preset=&#8221;default&#8221;][et_pb_column type=&#8221;1_3&#8243; _builder_version=&#8221;4.9.4&#8243; _module_preset=&#8221;default&#8221;][et_pb_blurb title=&#8221;Desde 2020 las y los ganadores obtuvieron el t\u00edtulo de Embajadores Le\u00f3n Joven, quienes tienen seguimiento por un a\u00f1o para sus proyectos e iniciativas.&#8221; image=&#8221;http:\/\/leonjoven.gob.mx\/wp-content\/uploads\/2021\/10\/0000_1.png&#8221; _builder_version=&#8221;4.9.4&#8243; _module_preset=&#8221;default&#8221; header_font=&#8221;|300|||||||&#8221; header_text_align=&#8221;center&#8221; header_text_color=&#8221;#3c00ff&#8221; header_font_size=&#8221;1.1em&#8221; header_line_height=&#8221;1.3em&#8221; background_image=&#8221;http:\/\/leonjoven.gob.mx\/wp-content\/uploads\/2021\/10\/circle3.png&#8221; background_size=&#8221;contain&#8221; background_position=&#8221;top_center&#8221; custom_margin=&#8221;-102px|||||&#8221; text_shadow_style=&#8221;preset5&#8243; text_shadow_color=&#8221;#ffc600&#8243;][\/et_pb_blurb][\/et_pb_column][et_pb_column type=&#8221;1_3&#8243; _builder_version=&#8221;4.9.4&#8243; _module_preset=&#8221;default&#8221;][et_pb_blurb title=&#8221;Creamos la categor\u00eda para galardonar tambi\u00e9n a Colectivos Juveniles.&#8221; image=&#8221;http:\/\/leonjoven.gob.mx\/wp-content\/uploads\/2021\/10\/0009_10.png&#8221; _builder_version=&#8221;4.9.4&#8243; _module_preset=&#8221;default&#8221; header_font=&#8221;|300|||||||&#8221; header_text_align=&#8221;center&#8221; header_text_color=&#8221;#3c00ff&#8221; header_font_size=&#8221;1.1em&#8221; header_line_height=&#8221;1.3em&#8221; background_image=&#8221;http:\/\/leonjoven.gob.mx\/wp-content\/uploads\/2021\/10\/circle3.png&#8221; background_size=&#8221;contain&#8221; background_position=&#8221;top_center&#8221; text_shadow_style=&#8221;preset5&#8243; text_shadow_color=&#8221;#ffc600&#8243;][\/et_pb_blurb][\/et_pb_column][et_pb_column type=&#8221;1_3&#8243; _builder_version=&#8221;4.9.4&#8243; _module_preset=&#8221;default&#8221;][et_pb_blurb title=&#8221;Las \u00e1reas de los premios que se han premiado son compromiso social, medio ambiente, tecnolog\u00eda e innovaci\u00f3n, ciencia, cultura y arte, y deporte.&#8221; image=&#8221;http:\/\/leonjoven.gob.mx\/wp-content\/uploads\/2021\/10\/0007_8.png&#8221; _builder_version=&#8221;4.9.4&#8243; _module_preset=&#8221;default&#8221; header_font=&#8221;|300|||||||&#8221; header_text_align=&#8221;center&#8221; header_text_color=&#8221;#3c00ff&#8221; header_font_size=&#8221;1.1em&#8221; header_line_height=&#8221;1.3em&#8221; background_image=&#8221;http:\/\/leonjoven.gob.mx\/wp-content\/uploads\/2021\/10\/circle3.png&#8221; background_size=&#8221;contain&#8221; background_position=&#8221;top_center&#8221; custom_margin=&#8221;72px|||||&#8221; text_shadow_style=&#8221;preset5&#8243; text_shadow_color=&#8221;#ffc600&#8243;][\/et_pb_blurb][\/et_pb_column][\/et_pb_row][\/et_pb_section][et_pb_section fb_built=&#8221;1&#8243; prev_background_color=&#8221;#ffc600&#8243; _builder_version=&#8221;4.9.4&#8243; _module_preset=&#8221;default&#8221; background_color=&#8221;#00915e&#8221; background_image=&#8221;http:\/\/leonjoven.gob.mx\/wp-content\/uploads\/2021\/10\/39135071640_3502e7ece9_k.jpg&#8221; background_position=&#8221;bottom_center&#8221; background_blend=&#8221;multiply&#8221; custom_padding=&#8221;0px|||||&#8221; top_divider_style=&#8221;arrow3&#8243;][et_pb_row _builder_version=&#8221;4.9.4&#8243; _module_preset=&#8221;default&#8221;][et_pb_column type=&#8221;4_4&#8243; _builder_version=&#8221;4.9.4&#8243; _module_preset=&#8221;default&#8221;][et_pb_image src=&#8221;http:\/\/leonjoven.gob.mx\/wp-content\/uploads\/2021\/10\/encuentro.png2_-600&#215;507-1.png&#8221; title_text=&#8221;encuentro.png2&#8243; align=&#8221;center&#8221; _builder_version=&#8221;4.9.4&#8243; _module_preset=&#8221;default&#8221;][\/et_pb_image][\/et_pb_column][\/et_pb_row][et_pb_row column_structure=&#8221;1_3,1_3,1_3&#8243; _builder_version=&#8221;4.9.4&#8243; _module_preset=&#8221;default&#8221;][et_pb_column type=&#8221;1_3&#8243; _builder_version=&#8221;4.9.4&#8243; _module_preset=&#8221;default&#8221;][et_pb_blurb title=&#8221;M\u00e1s de 2,000 j\u00f3venes de varios municipios como P\u00e9njamo, Valle de Santiago, Guanajuato, Dolores Hidalgo, Irapuato, Abasolo, entre otros participaron en el encuentro.&#8221; image=&#8221;http:\/\/leonjoven.gob.mx\/wp-content\/uploads\/2021\/10\/e-na_0006_e-na7.png&#8221; _builder_version=&#8221;4.9.4&#8243; _module_preset=&#8221;default&#8221; header_font=&#8221;|300|||||||&#8221; header_text_align=&#8221;center&#8221; header_font_size=&#8221;1.1em&#8221; header_line_height=&#8221;1.3em&#8221; background_image=&#8221;http:\/\/leonjoven.gob.mx\/wp-content\/uploads\/2021\/10\/circle2-1.png&#8221; background_size=&#8221;contain&#8221; background_position=&#8221;top_center&#8221; custom_margin=&#8221;-102px|||||&#8221;][\/et_pb_blurb][\/et_pb_column][et_pb_column type=&#8221;1_3&#8243; _builder_version=&#8221;4.9.4&#8243; _module_preset=&#8221;default&#8221;][et_pb_blurb title=&#8221;El encuentro se realiz\u00f3 por primera vez en la ciudad y tuvo la finalidad de traer a los j\u00f3venes la oportunidad de conocer otras ideolog\u00edas, planificar su futuro y colaborar.&#8221; image=&#8221;http:\/\/leonjoven.gob.mx\/wp-content\/uploads\/2021\/10\/e-na_0005_e-na6.png&#8221; _builder_version=&#8221;4.9.4&#8243; _module_preset=&#8221;default&#8221; header_font=&#8221;|300|||||||&#8221; header_text_align=&#8221;center&#8221; header_font_size=&#8221;1.1em&#8221; header_line_height=&#8221;1.3em&#8221; background_image=&#8221;http:\/\/leonjoven.gob.mx\/wp-content\/uploads\/2021\/10\/circle2-1.png&#8221; background_size=&#8221;contain&#8221; background_position=&#8221;top_center&#8221;][\/et_pb_blurb][\/et_pb_column][et_pb_column type=&#8221;1_3&#8243; _builder_version=&#8221;4.9.4&#8243; _module_preset=&#8221;default&#8221;][et_pb_blurb title=&#8221;En la Plaza Prinicipal se cont\u00f3 con la presentaci\u00f3n de los standuperos Bubu Romo y Hugo \u201dEl cojo feliz\u201d, adem\u00e1s de un cocierto gratuito a cargo de la cantante Paty Cant\u00fa.&#8221; image=&#8221;http:\/\/leonjoven.gob.mx\/wp-content\/uploads\/2021\/10\/Sin-titulo-1_0002_demo-1-465&#215;600-1.png&#8221; _builder_version=&#8221;4.9.4&#8243; _module_preset=&#8221;default&#8221; header_font=&#8221;|300|||||||&#8221; header_text_align=&#8221;center&#8221; header_font_size=&#8221;1.1em&#8221; header_line_height=&#8221;1.3em&#8221; background_image=&#8221;http:\/\/leonjoven.gob.mx\/wp-content\/uploads\/2021\/10\/circle2-1.png&#8221; background_size=&#8221;contain&#8221; background_position=&#8221;top_center&#8221; custom_margin=&#8221;72px|||||&#8221;][\/et_pb_blurb][\/et_pb_column][\/et_pb_row][\/et_pb_section]<\/p>\n","protected":false},"excerpt":{"rendered":"<p>[et_pb_section fb_built=&#8221;1&#8243; fullwidth=&#8221;on&#8221; _builder_version=&#8221;4.9.4&#8243; _module_preset=&#8221;default&#8221; use_background_color_gradient=&#8221;on&#8221; background_color_gradient_start=&#8221;#82004e&#8221; background_color_gradient_end=&#8221;#6d1750&#8243; background_color_gradient_direction=&#8221;0deg&#8221; background_enable_image=&#8221;off&#8221; parallax=&#8221;on&#8221; parallax_method=&#8221;off&#8221; locked=&#8221;off&#8221;][et_pb_fullwidth_header title=&#8221;PARTICIPACI\u00d3N Y REPRESENTACI\u00d3N JUVENIL&#8221; header_fullscreen=&#8221;on&#8221; button_one_text=&#8221;Conoce los resultados&#8221; button_one_url=&#8221;#inicio&#8221; header_image_url=&#8221;http:\/\/leonjoven.gob.mx\/wp-content\/uploads\/2021\/10\/Sin-titulo-1_0000_sonidero-1.png&#8221; _builder_version=&#8221;4.9.4&#8243; _module_preset=&#8221;default&#8221; title_font=&#8221;Poppins|200|||||||&#8221; title_font_size=&#8221;3em&#8221; title_line_height=&#8221;1.2em&#8221; background_enable_color=&#8221;off&#8221; custom_button_one=&#8221;on&#8221; button_one_bg_color=&#8221;#00915e&#8221; button_one_border_radius=&#8221;26px&#8221; button_one_font=&#8221;Poppins||||||||&#8221; button_one_icon=&#8221;%%40%%&#8221; animation_style=&#8221;slide&#8221; animation_direction=&#8221;left&#8221;][\/et_pb_fullwidth_header][et_pb_fullwidth_menu menu_id=&#8221;54&#8243; menu_style=&#8221;centered&#8221; fullwidth_menu=&#8221;on&#8221; active_link_color=&#8221;#ffd400&#8243; _builder_version=&#8221;4.7.7&#8243; _module_preset=&#8221;default&#8221; menu_font=&#8221;Poppins|500|||||||&#8221; menu_text_color=&#8221;#FFFFFF&#8221; background_color=&#8221;RGBA(0,0,0,0)&#8221; sticky_position=&#8221;top_bottom&#8221; sticky_limit_bottom=&#8221;body&#8221; scroll_vertical_motion=&#8221;0|50|50|100|4|0|0&#8243; hover_enabled=&#8221;0&#8243; locked=&#8221;off&#8221; background__sticky_enabled=&#8221;on|sticky&#8221; background_color__sticky=&#8221;#00915e&#8221; background_enable_color__sticky=&#8221;on&#8221; active_link_color__sticky_enabled=&#8221;off|sticky&#8221; menu_text_color__hover_enabled=&#8221;off|desktop&#8221; [&hellip;]<\/p>\n","protected":false},"author":1,"featured_media":0,"parent":15536,"menu_order":0,"comment_status":"closed","ping_status":"closed","template":"page-template-blank.php","meta":{"_et_pb_use_builder":"on","_et_pb_old_content":"","_et_gb_content_width":""},"_links":{"self":[{"href":"http:\/\/leonjoven.gob.mx\/index.php?rest_route=\/wp\/v2\/pages\/15543"}],"collection":[{"href":"http:\/\/leonjoven.gob.mx\/index.php?rest_route=\/wp\/v2\/pages"}],"about":[{"href":"http:\/\/leonjoven.gob.mx\/index.php?rest_route=\/wp\/v2\/types\/page"}],"author":[{"embeddable":true,"href":"http:\/\/leonjoven.gob.mx\/index.php?rest_route=\/wp\/v2\/users\/1"}],"replies":[{"embeddable":true,"href":"http:\/\/leonjoven.gob.mx\/index.php?rest_route=%2Fwp%2Fv2%2Fcomments&post=15543"}],"version-history":[{"count":3,"href":"http:\/\/leonjoven.gob.mx\/index.php?rest_route=\/wp\/v2\/pages\/15543\/revisions"}],"predecessor-version":[{"id":15568,"href":"http:\/\/leonjoven.gob.mx\/index.php?rest_route=\/wp\/v2\/pages\/15543\/revisions\/15568"}],"up":[{"embeddable":true,"href":"http:\/\/leonjoven.gob.mx\/index.php?rest_route=\/wp\/v2\/pages\/15536"}],"wp:attachment":[{"href":"http:\/\/leonjoven.gob.mx\/index.php?rest_route=%2Fwp%2Fv2%2Fmedia&parent=15543"}],"curies":[{"name":"wp","href":"https:\/\/api.w.org\/{rel}","templated":true}]}}