{"id":15541,"date":"2021-10-07T18:36:01","date_gmt":"2021-10-08T00:36:01","guid":{"rendered":"http:\/\/leonjoven.gob.mx\/?page_id=15541"},"modified":"2021-10-07T18:45:42","modified_gmt":"2021-10-08T00:45:42","slug":"bases","status":"publish","type":"page","link":"http:\/\/leonjoven.gob.mx\/?page_id=15541","title":{"rendered":"Bases"},"content":{"rendered":"<p>[et_pb_section fb_built=&#8221;1&#8243; fullwidth=&#8221;on&#8221; _builder_version=&#8221;4.9.4&#8243; _module_preset=&#8221;default&#8221; background_color=&#8221;#0C71C3&#8243; background_image=&#8221;http:\/\/leonjoven.gob.mx\/wp-content\/uploads\/2021\/10\/fondo.png&#8221; parallax=&#8221;on&#8221; parallax_method=&#8221;off&#8221; top_divider_style=&#8221;asymmetric2&#8243; top_divider_color=&#8221;RGBA(0,0,0,0)&#8221; bottom_divider_style=&#8221;clouds2&#8243; bottom_divider_color=&#8221;#23ff86&#8243; bottom_divider_height=&#8221;10vw&#8221; locked=&#8221;off&#8221;][et_pb_fullwidth_header title=&#8221;LAS BASES&#8221; header_fullscreen=&#8221;on&#8221; button_one_text=&#8221;Conoce las bases&#8221; button_one_url=&#8221;#inicio&#8221; header_image_url=&#8221;http:\/\/leonjoven.gob.mx\/wp-content\/uploads\/2021\/10\/Sin-titulo-1_0003_demo.png&#8221; _builder_version=&#8221;4.9.4&#8243; _module_preset=&#8221;default&#8221; title_font=&#8221;Poppins|200|||||||&#8221; title_text_color=&#8221;#FFFFFF&#8221; title_font_size=&#8221;3em&#8221; title_line_height=&#8221;1.2em&#8221; background_enable_color=&#8221;off&#8221; custom_button_one=&#8221;on&#8221; button_one_bg_color=&#8221;#23ff86&#8243; button_one_border_radius=&#8221;26px&#8221; button_one_font=&#8221;Poppins||||||||&#8221; button_one_icon=&#8221;%%40%%&#8221; animation_style=&#8221;slide&#8221; animation_direction=&#8221;left&#8221;][\/et_pb_fullwidth_header][et_pb_fullwidth_menu menu_id=&#8221;54&#8243; menu_style=&#8221;centered&#8221; fullwidth_menu=&#8221;on&#8221; active_link_color=&#8221;#ffd400&#8243; _builder_version=&#8221;4.7.7&#8243; _module_preset=&#8221;default&#8221; menu_font=&#8221;Poppins|500|||||||&#8221; menu_text_color=&#8221;#FFFFFF&#8221; background_color=&#8221;RGBA(0,0,0,0)&#8221; sticky_position=&#8221;top_bottom&#8221; sticky_limit_bottom=&#8221;body&#8221; scroll_vertical_motion=&#8221;0|50|50|100|4|0|0&#8243; hover_enabled=&#8221;0&#8243; locked=&#8221;off&#8221; background__sticky_enabled=&#8221;on|sticky&#8221; background_color__sticky=&#8221;#23ff86&#8243; background_enable_color__sticky=&#8221;on&#8221; active_link_color__sticky_enabled=&#8221;off|sticky&#8221; menu_text_color__hover_enabled=&#8221;off|desktop&#8221; menu_letter_spacing__hover_enabled=&#8221;on|hover&#8221; menu_letter_spacing__hover=&#8221;1px&#8221; sticky_enabled=&#8221;0&#8243;][\/et_pb_fullwidth_menu][\/et_pb_section][et_pb_section fb_built=&#8221;1&#8243; prev_background_color=&#8221;#0C71C3&#8243; _builder_version=&#8221;4.9.4&#8243; _module_preset=&#8221;default&#8221; background_color=&#8221;#0C71C3&#8243; background_image=&#8221;http:\/\/leonjoven.gob.mx\/wp-content\/uploads\/2021\/10\/fondo.png&#8221; parallax=&#8221;on&#8221; parallax_method=&#8221;off&#8221; top_divider_style=&#8221;asymmetric2&#8243; bottom_divider_style=&#8221;clouds2&#8243; bottom_divider_color=&#8221;#ff5400&#8243; bottom_divider_height=&#8221;10vw&#8221;][et_pb_row _builder_version=&#8221;4.9.4&#8243; _module_preset=&#8221;default&#8221; custom_padding=&#8221;191px||163px|||&#8221;][et_pb_column type=&#8221;4_4&#8243; _builder_version=&#8221;4.9.4&#8243; _module_preset=&#8221;default&#8221;][et_pb_text _builder_version=&#8221;4.9.4&#8243; _module_preset=&#8221;default&#8221; header_font=&#8221;Poppins|800|||||||&#8221; header_text_align=&#8221;left&#8221; header_text_color=&#8221;#FFFFFF&#8221; header_font_size=&#8221;1.6em&#8221; header_line_height=&#8221;1.3em&#8221;]<\/p>\n<h1>Lo que hacemos tiene como sustento la investigaci\u00f3n y el di\u00e1logo continuo con las juventudes, procesos documentados en:<\/h1>\n<p>[\/et_pb_text][\/et_pb_column][\/et_pb_row][et_pb_row column_structure=&#8221;1_2,1_2&#8243; _builder_version=&#8221;4.9.4&#8243; _module_preset=&#8221;default&#8221;][et_pb_column type=&#8221;1_2&#8243; _builder_version=&#8221;4.9.4&#8243; _module_preset=&#8221;default&#8221;][et_pb_image src=&#8221;http:\/\/leonjoven.gob.mx\/wp-content\/uploads\/2021\/10\/igm30.png&#8221; title_text=&#8221;igm30&#8243; _builder_version=&#8221;4.9.4&#8243; _module_preset=&#8221;default&#8221; scroll_vertical_motion_enable=&#8221;on&#8221; scroll_vertical_motion=&#8221;0|50|50|100|-4|0|8.5&#8243; scroll_horizontal_motion=&#8221;0|100|100|100|0|0|-2&#8243; scroll_fade=&#8221;0|12|99|100|0|100%|0%&#8221; scroll_rotating_enable=&#8221;on&#8221; scroll_rotating=&#8221;0|50|50|100|90|0|-110\u00b0&#8221;][\/et_pb_image][\/et_pb_column][et_pb_column type=&#8221;1_2&#8243; _builder_version=&#8221;4.9.4&#8243; _module_preset=&#8221;default&#8221;][et_pb_text _builder_version=&#8221;4.9.4&#8243; _module_preset=&#8221;default&#8221; header_font=&#8221;Poppins|100|||||||&#8221; header_text_align=&#8221;left&#8221; header_text_color=&#8221;#FFFFFF&#8221; header_font_size=&#8221;1.9em&#8221; header_line_height=&#8221;1.3em&#8221; custom_margin=&#8221;159px|||||&#8221;]<\/p>\n<h1><strong>Propuesta Juventudes.<\/strong> Un proceso de investigaci\u00f3n h\u00edbrida, donde se entrevistaron a m\u00e1s de 1,499 j\u00f3venes.<\/h1>\n<p>[\/et_pb_text][et_pb_text _builder_version=&#8221;4.9.4&#8243; _module_preset=&#8221;default&#8221; header_font=&#8221;Poppins|100|||||||&#8221; header_text_align=&#8221;left&#8221; header_text_color=&#8221;#FFFFFF&#8221; header_font_size=&#8221;1.9em&#8221; header_line_height=&#8221;1.3em&#8221; custom_margin=&#8221;58px|||||&#8221;]<\/p>\n<h1><strong>Foro Nuevas Realidades.<\/strong> El primer foro virtual masivo con m\u00e1s de 500 participantes.<\/h1>\n<p>[\/et_pb_text][et_pb_text _builder_version=&#8221;4.9.4&#8243; _module_preset=&#8221;default&#8221; header_font=&#8221;Poppins|100|||||||&#8221; header_text_align=&#8221;left&#8221; header_text_color=&#8221;#FFFFFF&#8221; header_font_size=&#8221;1.9em&#8221; header_line_height=&#8221;1.3em&#8221; custom_margin=&#8221;68px|||||&#8221;]<\/p>\n<h1><strong>12 Foros<\/strong> con las tem\u00e1ticas resultantes de Propuesta Juventudes.<\/h1>\n<p>[\/et_pb_text][\/et_pb_column][\/et_pb_row][et_pb_row _builder_version=&#8221;4.9.4&#8243; _module_preset=&#8221;default&#8221;][et_pb_column type=&#8221;4_4&#8243; _builder_version=&#8221;4.9.4&#8243; _module_preset=&#8221;default&#8221;][et_pb_image src=&#8221;http:\/\/leonjoven.gob.mx\/wp-content\/uploads\/2021\/10\/rollup.png&#8221; title_text=&#8221;rollup&#8221; _builder_version=&#8221;4.9.4&#8243; _module_preset=&#8221;default&#8221; custom_margin=&#8221;-128px|||||&#8221; animation_style=&#8221;slide&#8221; animation_direction=&#8221;right&#8221; animation_duration=&#8221;1800ms&#8221; scroll_blur_enable=&#8221;on&#8221;][\/et_pb_image][et_pb_text _builder_version=&#8221;4.9.4&#8243; _module_preset=&#8221;default&#8221; text_font=&#8221;Poppins|200|||||||&#8221; text_text_color=&#8221;#23ff86&#8243; text_font_size=&#8221;3em&#8221; text_line_height=&#8221;1.3em&#8221; header_font=&#8221;Poppins|800|||||||&#8221; header_text_align=&#8221;left&#8221; header_text_color=&#8221;#000000&#8243; header_font_size=&#8221;2.9em&#8221; header_line_height=&#8221;1.3em&#8221; background_enable_color=&#8221;off&#8221; custom_margin=&#8221;-55px|||||&#8221; custom_padding=&#8221;0px||||false|false&#8221;]<\/p>\n<p>\u00bfQUI\u00c9NES SON LOS<br \/><strong>J\u00d3VENES EN LE\u00d3N?<\/strong><\/p>\n<p>[\/et_pb_text][\/et_pb_column][\/et_pb_row][et_pb_row column_structure=&#8221;1_3,2_3&#8243; use_custom_gutter=&#8221;on&#8221; gutter_width=&#8221;1&#8243; _builder_version=&#8221;4.9.4&#8243; _module_preset=&#8221;default&#8221; custom_padding=&#8221;||0px|||&#8221;][et_pb_column type=&#8221;1_3&#8243; _builder_version=&#8221;4.9.4&#8243; _module_preset=&#8221;default&#8221;][et_pb_text _builder_version=&#8221;4.9.4&#8243; _module_preset=&#8221;default&#8221; header_font=&#8221;Poppins|200|||||||&#8221; header_text_align=&#8221;left&#8221; header_text_color=&#8221;#FFFFFF&#8221; header_font_size=&#8221;1.7em&#8221; header_line_height=&#8221;1.3em&#8221; background_enable_color=&#8221;off&#8221;]<\/p>\n<h1>La poblaci\u00f3n joven en el municipio de Le\u00f3n, Guanajuato, de 12 a 29 a\u00f1os es de <strong>548,120 personas.<\/strong><\/h1>\n<p>[\/et_pb_text][et_pb_text _builder_version=&#8221;4.9.4&#8243; _module_preset=&#8221;default&#8221; header_font=&#8221;Poppins|200|||||||&#8221; header_text_align=&#8221;left&#8221; header_text_color=&#8221;#FFFFFF&#8221; header_font_size=&#8221;1.7em&#8221; header_line_height=&#8221;1.3em&#8221; background_enable_color=&#8221;off&#8221; custom_padding=&#8221;50px|||||&#8221;]<\/p>\n<h1>Es decir, el <strong>31.9% <\/strong>de la poblaci\u00f3n total.<\/h1>\n<p>[\/et_pb_text][\/et_pb_column][et_pb_column type=&#8221;2_3&#8243; _builder_version=&#8221;4.9.4&#8243; _module_preset=&#8221;default&#8221; background_image=&#8221;http:\/\/leonjoven.gob.mx\/wp-content\/uploads\/2021\/10\/nume2.png&#8221;][et_pb_image src=&#8221;http:\/\/leonjoven.gob.mx\/wp-content\/uploads\/2021\/10\/nume1.png&#8221; title_text=&#8221;nume1&#8243; _builder_version=&#8221;4.9.4&#8243; _module_preset=&#8221;default&#8221; scroll_vertical_motion_enable=&#8221;on&#8221; scroll_vertical_motion=&#8221;0|27|41|54|0|0|-13.5&#8243; scroll_fade_enable=&#8221;on&#8221; scroll_fade=&#8221;0|21|52|53|0|100|0%&#8221; scroll_scaling=&#8221;0|26|32|43|0%|100|0%&#8221; scroll_blur=&#8221;0|15|27|100|10|0|0&#8243;][\/et_pb_image][\/et_pb_column][\/et_pb_row][et_pb_row column_structure=&#8221;1_2,1_2&#8243; use_custom_gutter=&#8221;on&#8221; gutter_width=&#8221;1&#8243; _builder_version=&#8221;4.9.4&#8243; _module_preset=&#8221;default&#8221; background_image=&#8221;http:\/\/leonjoven.gob.mx\/wp-content\/uploads\/2021\/10\/FFF.png&#8221; width=&#8221;100%&#8221; max_width=&#8221;100%&#8221; module_alignment=&#8221;center&#8221;][et_pb_column type=&#8221;1_2&#8243; _builder_version=&#8221;4.9.4&#8243; _module_preset=&#8221;default&#8221;][et_pb_image src=&#8221;http:\/\/leonjoven.gob.mx\/wp-content\/uploads\/2021\/10\/MW_0001_Objeto-inteligente-vectorial.png&#8221; title_text=&#8221;MW_0001_Objeto-inteligente-vectorial&#8221; align=&#8221;center&#8221; _builder_version=&#8221;4.9.4&#8243; _module_preset=&#8221;default&#8221; width=&#8221;37.5%&#8221; animation_style=&#8221;slide&#8221; animation_direction=&#8221;bottom&#8221; scroll_horizontal_motion_enable=&#8221;on&#8221; scroll_horizontal_motion=&#8221;0|30|70|100|-4|0|1&#8243; motion_trigger_start=&#8221;top&#8221;][\/et_pb_image][et_pb_number_counter title=&#8221;son mujeres&#8221; number=&#8221;272,963&#8243; percent_sign=&#8221;off&#8221; _builder_version=&#8221;4.9.4&#8243; _module_preset=&#8221;default&#8221; title_font=&#8221;Poppins|800|||||||&#8221; title_font_size=&#8221;1.6em&#8221; number_font=&#8221;Marvel||||||||&#8221; number_text_color=&#8221;#8300E9&#8243; number_font_size=&#8221;4em&#8221;][\/et_pb_number_counter][\/et_pb_column][et_pb_column type=&#8221;1_2&#8243; _builder_version=&#8221;4.9.4&#8243; _module_preset=&#8221;default&#8221;][et_pb_image src=&#8221;http:\/\/leonjoven.gob.mx\/wp-content\/uploads\/2021\/10\/MW_0000_Objeto-inteligente-vectorial.png&#8221; title_text=&#8221;MW_0000_Objeto-inteligente-vectorial&#8221; align=&#8221;center&#8221; _builder_version=&#8221;4.9.4&#8243; _module_preset=&#8221;default&#8221; width=&#8221;70%&#8221; animation_style=&#8221;slide&#8221; animation_direction=&#8221;bottom&#8221; animation_delay=&#8221;800ms&#8221; scroll_horizontal_motion_enable=&#8221;on&#8221; scroll_horizontal_motion=&#8221;0|30|70|100|4|0|-1&#8243; motion_trigger_start=&#8221;top&#8221;][\/et_pb_image][et_pb_number_counter title=&#8221;son hombres&#8221; number=&#8221;275,157&#8243; percent_sign=&#8221;off&#8221; _builder_version=&#8221;4.9.4&#8243; _module_preset=&#8221;default&#8221; title_font=&#8221;Poppins|800|||||||&#8221; title_font_size=&#8221;1.6em&#8221; number_font=&#8221;Marvel||||||||&#8221; number_text_color=&#8221;#8300E9&#8243; number_font_size=&#8221;4em&#8221;][\/et_pb_number_counter][\/et_pb_column][\/et_pb_row][et_pb_row column_structure=&#8221;1_3,1_3,1_3&#8243; _builder_version=&#8221;4.9.4&#8243; _module_preset=&#8221;default&#8221; custom_padding=&#8221;||||false|false&#8221;][et_pb_column type=&#8221;1_3&#8243; _builder_version=&#8221;4.9.4&#8243; _module_preset=&#8221;default&#8221;][et_pb_text _builder_version=&#8221;4.9.4&#8243; _module_preset=&#8221;default&#8221; text_text_color=&#8221;#FFFFFF&#8221; header_font=&#8221;Poppins|200|||||||&#8221; header_text_align=&#8221;left&#8221; header_text_color=&#8221;#FFFFFF&#8221; header_font_size=&#8221;2em&#8221; header_line_height=&#8221;1.3em&#8221; background_color=&#8221;RGBA(0,0,0,0)&#8221; custom_padding=&#8221;50px|||||&#8221;]<\/p>\n<h1>De los cuales<\/h1>\n<p>[\/et_pb_text][\/et_pb_column][et_pb_column type=&#8221;1_3&#8243; _builder_version=&#8221;4.9.4&#8243; _module_preset=&#8221;default&#8221;][et_pb_number_counter title=&#8221;j\u00f3venes de 18 a 29 a\u00f1os&#8221; number=&#8221;365,633&#8243; percent_sign=&#8221;off&#8221; _builder_version=&#8221;4.9.4&#8243; _module_preset=&#8221;default&#8221; title_font=&#8221;Poppins|800|||||||&#8221; title_text_color=&#8221;#FFFFFF&#8221; title_font_size=&#8221;1.4em&#8221; number_font=&#8221;Marvel||||||||&#8221; number_text_color=&#8221;#FFFFFF&#8221; number_font_size=&#8221;3.3em&#8221; use_background_color_gradient=&#8221;on&#8221; background_color_gradient_start=&#8221;#a300d1&#8243; background_color_gradient_end=&#8221;#8300e9&#8243; custom_padding=&#8221;2vw|3vw|2vw|3vw|true|true&#8221; animation_style=&#8221;roll&#8221; animation_direction=&#8221;left&#8221; scroll_vertical_motion_enable=&#8221;on&#8221; scroll_vertical_motion=&#8221;0|34|59|100|4|0|-4&#8243; motion_trigger_start=&#8221;bottom&#8221;][\/et_pb_number_counter][\/et_pb_column][et_pb_column type=&#8221;1_3&#8243; _builder_version=&#8221;4.9.4&#8243; _module_preset=&#8221;default&#8221;][et_pb_number_counter title=&#8221;adolescentes de 12 a 17 a\u00f1os&#8221; number=&#8221;182,487&#8243; percent_sign=&#8221;off&#8221; _builder_version=&#8221;4.9.4&#8243; _module_preset=&#8221;default&#8221; title_font=&#8221;Poppins|800|||||||&#8221; title_text_color=&#8221;#FFFFFF&#8221; title_font_size=&#8221;1.4em&#8221; number_font=&#8221;Marvel||||||||&#8221; number_text_color=&#8221;#FFFFFF&#8221; number_font_size=&#8221;3.3em&#8221; use_background_color_gradient=&#8221;on&#8221; background_color_gradient_start=&#8221;#a300d1&#8243; background_color_gradient_end=&#8221;#8300e9&#8243; custom_padding=&#8221;2vw|3vw|2vw|3vw|true|true&#8221; animation_style=&#8221;roll&#8221; animation_direction=&#8221;left&#8221; animation_delay=&#8221;350ms&#8221; scroll_vertical_motion_enable=&#8221;on&#8221; scroll_vertical_motion=&#8221;0|34|59|100|4|0|-4&#8243; motion_trigger_start=&#8221;bottom&#8221;][\/et_pb_number_counter][\/et_pb_column][\/et_pb_row][et_pb_row column_structure=&#8221;3_5,2_5&#8243; _builder_version=&#8221;4.9.4&#8243; _module_preset=&#8221;default&#8221; custom_padding=&#8221;166px|||||&#8221; locked=&#8221;off&#8221;][et_pb_column type=&#8221;3_5&#8243; _builder_version=&#8221;4.9.4&#8243; _module_preset=&#8221;default&#8221;][et_pb_image src=&#8221;http:\/\/leonjoven.gob.mx\/wp-content\/uploads\/2021\/10\/Sin-titulo-1_0001_carton-1.png&#8221; title_text=&#8221;embaja&#8221; align=&#8221;right&#8221; _builder_version=&#8221;4.9.4&#8243; _module_preset=&#8221;default&#8221; width=&#8221;70%&#8221; scroll_scaling_enable=&#8221;on&#8221; scroll_scaling=&#8221;8|48|48|100|0%|100|100&#8243; motion_trigger_start=&#8221;top&#8221;][\/et_pb_image][\/et_pb_column][et_pb_column type=&#8221;2_5&#8243; _builder_version=&#8221;4.9.4&#8243; _module_preset=&#8221;default&#8221;][et_pb_text _builder_version=&#8221;4.9.4&#8243; _module_preset=&#8221;default&#8221; text_font=&#8221;|300|||||||&#8221; text_font_size=&#8221;1.2em&#8221; text_line_height=&#8221;1.3em&#8221; background_color=&#8221;#ff5400&#8243; custom_padding=&#8221;1vw|1vw|1vw|1vw|true|true&#8221; link_option_url=&#8221;\/economia-naranja\/&#8221; scroll_horizontal_motion_enable=&#8221;on&#8221; scroll_horizontal_motion=&#8221;0|47|47|100|6|0|0&#8243; text_text_color=&#8221;#ffffff&#8221;]<\/p>\n<p>Esto no es todo lo que hemos hecho en el IMJU.\u00a0<strong> \u00bfQuieres saber m\u00e1s sobre nuestros logros?<\/strong><\/p>\n<p>[\/et_pb_text][et_pb_button button_url=&#8221;http:\/\/leonjoven.gob.mx\/?page_id=15540&#8243; button_text=&#8221;Continuar recorrido&#8221; _builder_version=&#8221;4.7.7&#8243; _module_preset=&#8221;default&#8221; button_bg_color=&#8221;#ff5400&#8243; button_border_radius=&#8221;15px&#8221; button_font=&#8221;Poppins||||||||&#8221; button_icon=&#8221;%%36%%&#8221; custom_padding=&#8221;0.5vw|1vw|0.5vw|1vw|true|true&#8221; button_text_shadow_style=&#8221;preset1&#8243; box_shadow_horizontal=&#8221;5px&#8221; box_shadow_vertical=&#8221;5px&#8221; button_bg_color__hover_enabled=&#8221;on|desktop&#8221; button_bg_color__hover=&#8221;#f4a700&#8243; button_bg_enable_color__hover=&#8221;on&#8221; button_text_color__hover_enabled=&#8221;on|hover&#8221; button_text_color__hover=&#8221;#FFFFFF&#8221; button_letter_spacing__hover_enabled=&#8221;on|hover&#8221; button_letter_spacing__hover=&#8221;0px&#8221;][\/et_pb_button][\/et_pb_column][\/et_pb_row][\/et_pb_section]<\/p>\n","protected":false},"excerpt":{"rendered":"<p>[et_pb_section fb_built=&#8221;1&#8243; fullwidth=&#8221;on&#8221; _builder_version=&#8221;4.9.4&#8243; _module_preset=&#8221;default&#8221; background_color=&#8221;#0C71C3&#8243; background_image=&#8221;http:\/\/leonjoven.gob.mx\/wp-content\/uploads\/2021\/10\/fondo.png&#8221; parallax=&#8221;on&#8221; parallax_method=&#8221;off&#8221; top_divider_style=&#8221;asymmetric2&#8243; top_divider_color=&#8221;RGBA(0,0,0,0)&#8221; bottom_divider_style=&#8221;clouds2&#8243; bottom_divider_color=&#8221;#23ff86&#8243; bottom_divider_height=&#8221;10vw&#8221; locked=&#8221;off&#8221;][et_pb_fullwidth_header title=&#8221;LAS BASES&#8221; header_fullscreen=&#8221;on&#8221; button_one_text=&#8221;Conoce las bases&#8221; button_one_url=&#8221;#inicio&#8221; header_image_url=&#8221;http:\/\/leonjoven.gob.mx\/wp-content\/uploads\/2021\/10\/Sin-titulo-1_0003_demo.png&#8221; _builder_version=&#8221;4.9.4&#8243; _module_preset=&#8221;default&#8221; title_font=&#8221;Poppins|200|||||||&#8221; title_text_color=&#8221;#FFFFFF&#8221; title_font_size=&#8221;3em&#8221; title_line_height=&#8221;1.2em&#8221; background_enable_color=&#8221;off&#8221; custom_button_one=&#8221;on&#8221; button_one_bg_color=&#8221;#23ff86&#8243; button_one_border_radius=&#8221;26px&#8221; button_one_font=&#8221;Poppins||||||||&#8221; button_one_icon=&#8221;%%40%%&#8221; animation_style=&#8221;slide&#8221; animation_direction=&#8221;left&#8221;][\/et_pb_fullwidth_header][et_pb_fullwidth_menu menu_id=&#8221;54&#8243; menu_style=&#8221;centered&#8221; fullwidth_menu=&#8221;on&#8221; active_link_color=&#8221;#ffd400&#8243; _builder_version=&#8221;4.7.7&#8243; _module_preset=&#8221;default&#8221; menu_font=&#8221;Poppins|500|||||||&#8221; menu_text_color=&#8221;#FFFFFF&#8221; background_color=&#8221;RGBA(0,0,0,0)&#8221; sticky_position=&#8221;top_bottom&#8221; sticky_limit_bottom=&#8221;body&#8221; scroll_vertical_motion=&#8221;0|50|50|100|4|0|0&#8243; hover_enabled=&#8221;0&#8243; locked=&#8221;off&#8221; background__sticky_enabled=&#8221;on|sticky&#8221; background_color__sticky=&#8221;#23ff86&#8243; background_enable_color__sticky=&#8221;on&#8221; active_link_color__sticky_enabled=&#8221;off|sticky&#8221; [&hellip;]<\/p>\n","protected":false},"author":1,"featured_media":0,"parent":15536,"menu_order":0,"comment_status":"closed","ping_status":"closed","template":"page-template-blank.php","meta":{"_et_pb_use_builder":"on","_et_pb_old_content":"","_et_gb_content_width":""},"_links":{"self":[{"href":"http:\/\/leonjoven.gob.mx\/index.php?rest_route=\/wp\/v2\/pages\/15541"}],"collection":[{"href":"http:\/\/leonjoven.gob.mx\/index.php?rest_route=\/wp\/v2\/pages"}],"about":[{"href":"http:\/\/leonjoven.gob.mx\/index.php?rest_route=\/wp\/v2\/types\/page"}],"author":[{"embeddable":true,"href":"http:\/\/leonjoven.gob.mx\/index.php?rest_route=\/wp\/v2\/users\/1"}],"replies":[{"embeddable":true,"href":"http:\/\/leonjoven.gob.mx\/index.php?rest_route=%2Fwp%2Fv2%2Fcomments&post=15541"}],"version-history":[{"count":5,"href":"http:\/\/leonjoven.gob.mx\/index.php?rest_route=\/wp\/v2\/pages\/15541\/revisions"}],"predecessor-version":[{"id":15573,"href":"http:\/\/leonjoven.gob.mx\/index.php?rest_route=\/wp\/v2\/pages\/15541\/revisions\/15573"}],"up":[{"embeddable":true,"href":"http:\/\/leonjoven.gob.mx\/index.php?rest_route=\/wp\/v2\/pages\/15536"}],"wp:attachment":[{"href":"http:\/\/leonjoven.gob.mx\/index.php?rest_route=%2Fwp%2Fv2%2Fmedia&parent=15541"}],"curies":[{"name":"wp","href":"https:\/\/api.w.org\/{rel}","templated":true}]}}