{"id":15536,"date":"2021-10-07T18:33:57","date_gmt":"2021-10-08T00:33:57","guid":{"rendered":"http:\/\/leonjoven.gob.mx\/?page_id=15536"},"modified":"2022-04-21T14:12:51","modified_gmt":"2022-04-21T20:12:51","slug":"resultados-2018-2021-imju","status":"publish","type":"page","link":"http:\/\/leonjoven.gob.mx\/?page_id=15536","title":{"rendered":"Resultados 2018-2021 IMJU"},"content":{"rendered":"<p>[et_pb_section fb_built=&#8221;1&#8243; fullwidth=&#8221;on&#8221; _builder_version=&#8221;4.9.4&#8243; _module_preset=&#8221;default&#8221; use_background_color_gradient=&#8221;on&#8221; background_color_gradient_start=&#8221;#5d1d91&#8243; background_color_gradient_end=&#8221;#6d1875&#8243;][et_pb_fullwidth_header title=&#8221;Nuestro momento de presentar resultados.&#8221; header_fullscreen=&#8221;on&#8221; logo_image_url=&#8221;http:\/\/leonjoven.gob.mx\/wp-content\/uploads\/2021\/10\/logo2-600&#215;105-1.png&#8221; header_image_url=&#8221;http:\/\/leonjoven.gob.mx\/wp-content\/uploads\/2021\/10\/img4.png&#8221; _builder_version=&#8221;4.9.4&#8243; _module_preset=&#8221;default&#8221; title_font=&#8221;Poppins|100|||||||&#8221; title_line_height=&#8221;2.4em&#8221; background_enable_color=&#8221;off&#8221; animation_style=&#8221;slide&#8221; animation_direction=&#8221;left&#8221;][\/et_pb_fullwidth_header][et_pb_fullwidth_menu menu_id=&#8221;54&#8243; menu_style=&#8221;centered&#8221; fullwidth_menu=&#8221;on&#8221; active_link_color=&#8221;#ffd400&#8243; _builder_version=&#8221;4.7.7&#8243; _module_preset=&#8221;default&#8221; menu_font=&#8221;Poppins|500|||||||&#8221; menu_text_color=&#8221;#FFFFFF&#8221; background_color=&#8221;RGBA(0,0,0,0)&#8221; sticky_position=&#8221;top_bottom&#8221; sticky_limit_bottom=&#8221;body&#8221; scroll_vertical_motion=&#8221;0|50|50|100|4|0|0&#8243; background__sticky_enabled=&#8221;on|sticky&#8221; background_color__sticky=&#8221;#8300E9&#8243; background_enable_color__sticky=&#8221;on&#8221; active_link_color__sticky_enabled=&#8221;off|sticky&#8221; menu_text_color__hover_enabled=&#8221;off|desktop&#8221; menu_letter_spacing__hover_enabled=&#8221;on|hover&#8221; menu_letter_spacing__hover=&#8221;1px&#8221;][\/et_pb_fullwidth_menu][\/et_pb_section][et_pb_section fb_built=&#8221;1&#8243; _builder_version=&#8221;4.9.4&#8243; _module_preset=&#8221;default&#8221; use_background_color_gradient=&#8221;on&#8221; background_color_gradient_start=&#8221;#5d1d91&#8243; background_color_gradient_end=&#8221;#6d1875&#8243; background_color_gradient_direction=&#8221;0deg&#8221;][et_pb_row column_structure=&#8221;2_5,3_5&#8243; _builder_version=&#8221;4.9.4&#8243; _module_preset=&#8221;default&#8221;][et_pb_column type=&#8221;2_5&#8243; _builder_version=&#8221;4.9.4&#8243; _module_preset=&#8221;default&#8221;][et_pb_image src=&#8221;http:\/\/leonjoven.gob.mx\/wp-content\/uploads\/2021\/10\/img1.png&#8221; title_text=&#8221;img1&#8243; align=&#8221;center&#8221; _builder_version=&#8221;4.9.4&#8243; _module_preset=&#8221;default&#8221; scroll_horizontal_motion_enable=&#8221;on&#8221; scroll_horizontal_motion=&#8221;0|50|50|100|-4|0|1&#8243;][\/et_pb_image][\/et_pb_column][et_pb_column type=&#8221;3_5&#8243; _builder_version=&#8221;4.9.4&#8243; _module_preset=&#8221;default&#8221;][et_pb_text _builder_version=&#8221;4.7.7&#8243; _module_preset=&#8221;default&#8221; header_font=&#8221;Poppins|100|||||||&#8221; header_text_align=&#8221;left&#8221; header_text_color=&#8221;#FFFFFF&#8221; header_font_size=&#8221;2.2em&#8221; header_line_height=&#8221;1.3em&#8221; hover_enabled=&#8221;0&#8243; sticky_enabled=&#8221;0&#8243;]<\/p>\n<h1>Como instituci\u00f3n paramunicipal generamos la pol\u00edtica p\u00fablica para personas j\u00f3venes de 12 a 30 a\u00f1os.<\/h1>\n<p>[\/et_pb_text][et_pb_text _builder_version=&#8221;4.9.4&#8243; _module_preset=&#8221;default&#8221; header_font=&#8221;Poppins|800|||||||&#8221; header_text_align=&#8221;left&#8221; header_text_color=&#8221;#FFFFFF&#8221; header_font_size=&#8221;1.6em&#8221; header_line_height=&#8221;1.3em&#8221;]<\/p>\n<h1>Expresamos el t\u00e9rmino juventudes, para incluir la diversidad que representa a las personas j\u00f3venes, que son el 32% de la poblaci\u00f3n de Le\u00f3n.<\/h1>\n<p>[\/et_pb_text][\/et_pb_column][\/et_pb_row][\/et_pb_section][et_pb_section fb_built=&#8221;1&#8243; _builder_version=&#8221;4.9.4&#8243; _module_preset=&#8221;default&#8221; use_background_color_gradient=&#8221;on&#8221; background_color_gradient_start=&#8221;#5d1d91&#8243; background_color_gradient_end=&#8221;#6d1875&#8243;][et_pb_row _builder_version=&#8221;4.9.4&#8243; _module_preset=&#8221;default&#8221; custom_padding=&#8221;||98px|||&#8221;][et_pb_column type=&#8221;4_4&#8243; _builder_version=&#8221;4.9.4&#8243; _module_preset=&#8221;default&#8221;][et_pb_text _builder_version=&#8221;4.9.4&#8243; _module_preset=&#8221;default&#8221; header_font=&#8221;Poppins|100|||||||&#8221; header_text_align=&#8221;left&#8221; header_text_color=&#8221;#FFFFFF&#8221; header_font_size=&#8221;2.2em&#8221; header_line_height=&#8221;1.3em&#8221;]<\/p>\n<h1>Hemos logrado una comunidad de 153,711 j\u00f3venes de entre 12 y 29 a\u00f1os, atendidos del 2016 al 2020 part\u00edcipes de los programas del IMJU.<\/h1>\n<p>[\/et_pb_text][\/et_pb_column][\/et_pb_row][et_pb_row column_structure=&#8221;1_4,1_2,1_4&#8243; use_custom_gutter=&#8221;on&#8221; gutter_width=&#8221;1&#8243; _builder_version=&#8221;4.9.4&#8243; _module_preset=&#8221;default&#8221; background_image=&#8221;http:\/\/leonjoven.gob.mx\/wp-content\/uploads\/2021\/10\/img5-1.png&#8221; background_size=&#8221;contain&#8221; custom_margin=&#8221;77px|auto||auto||&#8221;][et_pb_column type=&#8221;1_4&#8243; _builder_version=&#8221;4.9.4&#8243; _module_preset=&#8221;default&#8221;][et_pb_image src=&#8221;http:\/\/leonjoven.gob.mx\/wp-content\/uploads\/2021\/10\/img2.png&#8221; title_text=&#8221;img2&#8243; align=&#8221;center&#8221; _builder_version=&#8221;4.9.4&#8243; _module_preset=&#8221;default&#8221; transform_scale=&#8221;-100%|100%&#8221; transform_scale_linked=&#8221;off&#8221; width=&#8221;88%&#8221; custom_padding=&#8221;126px|||||&#8221; animation_style=&#8221;fade&#8221; scroll_horizontal_motion_enable=&#8221;on&#8221; scroll_horizontal_motion=&#8221;0|59|59|100|2|0|-1&#8243; scroll_fade_enable=&#8221;on&#8221; scroll_fade=&#8221;0|39|39|100|0|100|100&#8243; motion_trigger_start=&#8221;bottom&#8221;][\/et_pb_image][\/et_pb_column][et_pb_column type=&#8221;1_2&#8243; _builder_version=&#8221;4.9.4&#8243; _module_preset=&#8221;default&#8221;][et_pb_image src=&#8221;http:\/\/leonjoven.gob.mx\/wp-content\/uploads\/2021\/10\/img4.png&#8221; title_text=&#8221;img4&#8243; align=&#8221;center&#8221; _builder_version=&#8221;4.9.4&#8243; _module_preset=&#8221;default&#8221; width=&#8221;72%&#8221; custom_margin=&#8221;-190px|||||&#8221; custom_padding=&#8221;0px|||||&#8221; scroll_vertical_motion_enable=&#8221;on&#8221; scroll_vertical_motion=&#8221;0|50|50|100|1|0|-1&#8243; scroll_horizontal_motion=&#8221;0|50|50|100|-4|0|1&#8243; scroll_fade_enable=&#8221;on&#8221; scroll_fade=&#8221;0|35|35|100|0|100|100&#8243; motion_trigger_start=&#8221;bottom&#8221;][\/et_pb_image][\/et_pb_column][et_pb_column type=&#8221;1_4&#8243; _builder_version=&#8221;4.9.4&#8243; _module_preset=&#8221;default&#8221;][et_pb_image src=&#8221;http:\/\/leonjoven.gob.mx\/wp-content\/uploads\/2021\/10\/img3.png&#8221; title_text=&#8221;img3&#8243; align=&#8221;center&#8221; _builder_version=&#8221;4.9.4&#8243; _module_preset=&#8221;default&#8221; scroll_horizontal_motion_enable=&#8221;on&#8221; scroll_horizontal_motion=&#8221;0|50|50|100|2|0|-1&#8243; scroll_fade_enable=&#8221;on&#8221; scroll_fade=&#8221;0|39|39|100|0|100|100&#8243;][\/et_pb_image][\/et_pb_column][\/et_pb_row][\/et_pb_section][et_pb_section fb_built=&#8221;1&#8243; _builder_version=&#8221;4.9.4&#8243; _module_preset=&#8221;default&#8221; background_image=&#8221;http:\/\/leonjoven.gob.mx\/wp-content\/uploads\/2021\/10\/fondo-filos.jpg&#8221; parallax=&#8221;on&#8221; parallax_method=&#8221;off&#8221; custom_padding=&#8221;0px||0px|||&#8221;][et_pb_row _builder_version=&#8221;4.9.4&#8243; _module_preset=&#8221;default&#8221;][et_pb_column type=&#8221;4_4&#8243; _builder_version=&#8221;4.9.4&#8243; _module_preset=&#8221;default&#8221;][et_pb_image src=&#8221;http:\/\/leonjoven.gob.mx\/wp-content\/uploads\/2021\/10\/logo.gif&#8221; title_text=&#8221;logo&#8221; align=&#8221;center&#8221; _builder_version=&#8221;4.9.4&#8243; _module_preset=&#8221;default&#8221; border_width_all=&#8221;2px&#8221; border_color_all=&#8221;#FFFFFF&#8221;][\/et_pb_image][et_pb_slider use_text_overlay=&#8221;on&#8221; text_overlay_color=&#8221;#0fa7ff&#8221; text_border_radius=&#8221;10px&#8221; arrows_custom_color=&#8221;#0C71C3&#8243; dot_nav_custom_color=&#8221;#0C71C3&#8243; _builder_version=&#8221;4.9.4&#8243; _module_preset=&#8221;default&#8221; header_font=&#8221;Poppins|800|||||||&#8221; header_text_color=&#8221;#070047&#8243; header_font_size=&#8221;3em&#8221; body_font=&#8221;Poppins|200|||||||&#8221; animation_style=&#8221;slide&#8221; animation_direction=&#8221;left&#8221; auto=&#8221;on&#8221; auto_speed=&#8221;6000&#8243; text_shadow_style=&#8221;preset1&#8243; text_shadow_color=&#8221;RGBA(0,0,0,0)&#8221;][et_pb_slide heading=&#8221;MISI\u00d3N&#8221; image=&#8221;http:\/\/leonjoven.gob.mx\/wp-content\/uploads\/2021\/10\/slide1.png&#8221; _builder_version=&#8221;4.9.4&#8243; _module_preset=&#8221;default&#8221; background_enable_color=&#8221;off&#8221; sticky_transition=&#8221;on&#8221;]Encausar la energ\u00eda de la diversidad juvenil a trav\u00e9s de pol\u00edticas p\u00fablicas de inclusi\u00f3n, para lograr que se conviertan en los protagonistas de su historia.[\/et_pb_slide][et_pb_slide heading=&#8221;VISI\u00d3N&#8221; image=&#8221;http:\/\/leonjoven.gob.mx\/wp-content\/uploads\/2021\/10\/slide3.png&#8221; _builder_version=&#8221;4.9.4&#8243; _module_preset=&#8221;default&#8221; background_enable_color=&#8221;off&#8221; sticky_transition=&#8221;on&#8221;]Ser referencia a nivel nacional por nuestra atenci\u00f3n innovadora, emp\u00e1tica, profesional e integral a la diversidad juvenil.[\/et_pb_slide][et_pb_slide heading=&#8221;VALORES&#8221; image=&#8221;http:\/\/leonjoven.gob.mx\/wp-content\/uploads\/2021\/10\/slide2.png&#8221; _builder_version=&#8221;4.9.4&#8243; _module_preset=&#8221;default&#8221; background_enable_color=&#8221;off&#8221; sticky_transition=&#8221;on&#8221;]HONESTIDAD<br \/>\nPASI\u00d3N<br \/>\nSERVICIO<br \/>\nVOLUNTAD<br \/>\nLEALTAD[\/et_pb_slide][\/et_pb_slider][et_pb_text _builder_version=&#8221;4.9.4&#8243; _module_preset=&#8221;default&#8221; header_font=&#8221;Poppins|200|||||||&#8221; header_text_align=&#8221;center&#8221; header_text_color=&#8221;#000000&#8243; header_font_size=&#8221;1.8em&#8221; header_line_height=&#8221;1.3em&#8221; background_color=&#8221;#FFFFFF&#8221; custom_padding=&#8221;1vw|2vw|1vw|2vw|true|true&#8221;]<\/p>\n<h1>Impulsamos pol\u00edtica p\u00fablica para incentivar la participaci\u00f3n juvenil, el desarrollo de habilidades y el incremento de sus habilidades para la vida y el trabajo bajo los siguientes esquemas.<\/h1>\n<p>[\/et_pb_text][\/et_pb_column][\/et_pb_row][\/et_pb_section][et_pb_section fb_built=&#8221;1&#8243; prev_background_color=&#8221;#ffffff&#8221; _builder_version=&#8221;4.9.4&#8243; _module_preset=&#8221;default&#8221; background_color=&#8221;#0C71C3&#8243; background_image=&#8221;http:\/\/leonjoven.gob.mx\/wp-content\/uploads\/2021\/10\/fondo.png&#8221; parallax=&#8221;on&#8221; parallax_method=&#8221;off&#8221; top_divider_style=&#8221;asymmetric2&#8243; bottom_divider_style=&#8221;clouds2&#8243; bottom_divider_color=&#8221;#ff5400&#8243; bottom_divider_height=&#8221;10vw&#8221;][et_pb_row column_structure=&#8221;3_5,2_5&#8243; _builder_version=&#8221;4.9.4&#8243; _module_preset=&#8221;default&#8221; custom_padding=&#8221;166px|||||&#8221; locked=&#8221;off&#8221;][et_pb_column type=&#8221;3_5&#8243; _builder_version=&#8221;4.9.4&#8243; _module_preset=&#8221;default&#8221;][et_pb_image src=&#8221;http:\/\/leonjoven.gob.mx\/wp-content\/uploads\/2021\/10\/Sin-titulo-1_0001_carton-1.png&#8221; title_text=&#8221;embaja&#8221; align=&#8221;right&#8221; _builder_version=&#8221;4.9.4&#8243; _module_preset=&#8221;default&#8221; width=&#8221;70%&#8221; scroll_scaling_enable=&#8221;on&#8221; scroll_scaling=&#8221;8|48|48|100|0%|100|100&#8243; motion_trigger_start=&#8221;top&#8221;][\/et_pb_image][\/et_pb_column][et_pb_column type=&#8221;2_5&#8243; _builder_version=&#8221;4.9.4&#8243; _module_preset=&#8221;default&#8221;][et_pb_text _builder_version=&#8221;4.7.7&#8243; _module_preset=&#8221;default&#8221; text_font=&#8221;|300|||||||&#8221; text_text_color=&#8221;#ffffff&#8221; text_font_size=&#8221;1.2em&#8221; text_line_height=&#8221;1.3em&#8221; background_color=&#8221;#23ff86&#8243; custom_padding=&#8221;1vw|1vw|1vw|1vw|true|true&#8221; link_option_url=&#8221;\/economia-naranja\/&#8221; scroll_horizontal_motion_enable=&#8221;on&#8221; scroll_horizontal_motion=&#8221;0|47|47|100|6|0|0&#8243;]<\/p>\n<p>Esto es lo que somos en el IMJU.\u00a0<strong> \u00bfQuieres saber cu\u00e1les han sido las bases para?<\/strong><\/p>\n<p>[\/et_pb_text][et_pb_button button_url=&#8221;http:\/\/leonjoven.gob.mx\/?page_id=15541&#8243; button_text=&#8221;Continuar recorrido&#8221; _builder_version=&#8221;4.7.7&#8243; _module_preset=&#8221;default&#8221; button_bg_color=&#8221;#23ff86&#8243; button_border_radius=&#8221;15px&#8221; button_font=&#8221;Poppins||||||||&#8221; button_icon=&#8221;%%36%%&#8221; custom_padding=&#8221;0.5vw|1vw|0.5vw|1vw|true|true&#8221; button_text_shadow_style=&#8221;preset1&#8243; box_shadow_horizontal=&#8221;5px&#8221; box_shadow_vertical=&#8221;5px&#8221; button_bg_color__hover_enabled=&#8221;on|desktop&#8221; button_bg_color__hover=&#8221;#f4a700&#8243; button_bg_enable_color__hover=&#8221;on&#8221; button_text_color__hover_enabled=&#8221;on|hover&#8221; button_text_color__hover=&#8221;#FFFFFF&#8221; button_letter_spacing__hover_enabled=&#8221;on|hover&#8221; button_letter_spacing__hover=&#8221;0px&#8221;][\/et_pb_button][\/et_pb_column][\/et_pb_row][\/et_pb_section]<\/p>\n","protected":false},"excerpt":{"rendered":"<p>[et_pb_section fb_built=&#8221;1&#8243; fullwidth=&#8221;on&#8221; _builder_version=&#8221;4.9.4&#8243; _module_preset=&#8221;default&#8221; use_background_color_gradient=&#8221;on&#8221; background_color_gradient_start=&#8221;#5d1d91&#8243; background_color_gradient_end=&#8221;#6d1875&#8243;][et_pb_fullwidth_header title=&#8221;Nuestro momento de presentar resultados.&#8221; header_fullscreen=&#8221;on&#8221; logo_image_url=&#8221;http:\/\/leonjoven.gob.mx\/wp-content\/uploads\/2021\/10\/logo2-600&#215;105-1.png&#8221; header_image_url=&#8221;http:\/\/leonjoven.gob.mx\/wp-content\/uploads\/2021\/10\/img4.png&#8221; _builder_version=&#8221;4.9.4&#8243; _module_preset=&#8221;default&#8221; title_font=&#8221;Poppins|100|||||||&#8221; title_line_height=&#8221;2.4em&#8221; background_enable_color=&#8221;off&#8221; animation_style=&#8221;slide&#8221; animation_direction=&#8221;left&#8221;][\/et_pb_fullwidth_header][et_pb_fullwidth_menu menu_id=&#8221;54&#8243; menu_style=&#8221;centered&#8221; fullwidth_menu=&#8221;on&#8221; active_link_color=&#8221;#ffd400&#8243; _builder_version=&#8221;4.7.7&#8243; _module_preset=&#8221;default&#8221; menu_font=&#8221;Poppins|500|||||||&#8221; menu_text_color=&#8221;#FFFFFF&#8221; background_color=&#8221;RGBA(0,0,0,0)&#8221; sticky_position=&#8221;top_bottom&#8221; sticky_limit_bottom=&#8221;body&#8221; scroll_vertical_motion=&#8221;0|50|50|100|4|0|0&#8243; background__sticky_enabled=&#8221;on|sticky&#8221; background_color__sticky=&#8221;#8300E9&#8243; background_enable_color__sticky=&#8221;on&#8221; active_link_color__sticky_enabled=&#8221;off|sticky&#8221; menu_text_color__hover_enabled=&#8221;off|desktop&#8221; menu_letter_spacing__hover_enabled=&#8221;on|hover&#8221; menu_letter_spacing__hover=&#8221;1px&#8221;][\/et_pb_fullwidth_menu][\/et_pb_section][et_pb_section fb_built=&#8221;1&#8243; _builder_version=&#8221;4.9.4&#8243; _module_preset=&#8221;default&#8221; use_background_color_gradient=&#8221;on&#8221; background_color_gradient_start=&#8221;#5d1d91&#8243; background_color_gradient_end=&#8221;#6d1875&#8243; background_color_gradient_direction=&#8221;0deg&#8221;][et_pb_row column_structure=&#8221;2_5,3_5&#8243; _builder_version=&#8221;4.9.4&#8243; _module_preset=&#8221;default&#8221;][et_pb_column type=&#8221;2_5&#8243; _builder_version=&#8221;4.9.4&#8243; _module_preset=&#8221;default&#8221;][et_pb_image [&hellip;]<\/p>\n","protected":false},"author":1,"featured_media":0,"parent":0,"menu_order":0,"comment_status":"closed","ping_status":"closed","template":"page-template-blank.php","meta":{"_et_pb_use_builder":"on","_et_pb_old_content":"","_et_gb_content_width":""},"_links":{"self":[{"href":"http:\/\/leonjoven.gob.mx\/index.php?rest_route=\/wp\/v2\/pages\/15536"}],"collection":[{"href":"http:\/\/leonjoven.gob.mx\/index.php?rest_route=\/wp\/v2\/pages"}],"about":[{"href":"http:\/\/leonjoven.gob.mx\/index.php?rest_route=\/wp\/v2\/types\/page"}],"author":[{"embeddable":true,"href":"http:\/\/leonjoven.gob.mx\/index.php?rest_route=\/wp\/v2\/users\/1"}],"replies":[{"embeddable":true,"href":"http:\/\/leonjoven.gob.mx\/index.php?rest_route=%2Fwp%2Fv2%2Fcomments&post=15536"}],"version-history":[{"count":8,"href":"http:\/\/leonjoven.gob.mx\/index.php?rest_route=\/wp\/v2\/pages\/15536\/revisions"}],"predecessor-version":[{"id":16117,"href":"http:\/\/leonjoven.gob.mx\/index.php?rest_route=\/wp\/v2\/pages\/15536\/revisions\/16117"}],"wp:attachment":[{"href":"http:\/\/leonjoven.gob.mx\/index.php?rest_route=%2Fwp%2Fv2%2Fmedia&parent=15536"}],"curies":[{"name":"wp","href":"https:\/\/api.w.org\/{rel}","templated":true}]}}